{"id":4347,"date":"2013-04-05T13:33:38","date_gmt":"2013-04-05T10:33:38","guid":{"rendered":"https:\/\/tolkeabi.ee\/kontakt\/"},"modified":"2024-04-01T10:46:15","modified_gmt":"2024-04-01T07:46:15","slug":"kontakt","status":"publish","type":"page","link":"https:\/\/tolkeabi.ee\/en\/kontakt\/","title":{"rendered":"Send an enquiry"},"content":{"rendered":"\n<style type=\"text\/css\" data-created_by=\"avia_inline_auto\" id=\"style-css-av-egoga7-c96f74e0422a496fe576fe648035dcc0\">\n#top .av-special-heading.av-egoga7-c96f74e0422a496fe576fe648035dcc0{\npadding-bottom:10px;\n}\nbody .av-special-heading.av-egoga7-c96f74e0422a496fe576fe648035dcc0 .av-special-heading-tag .heading-char{\nfont-size:25px;\n}\n.av-special-heading.av-egoga7-c96f74e0422a496fe576fe648035dcc0 .av-subheading{\nfont-size:15px;\n}\n<\/style>\n<div  class='av-special-heading av-egoga7-c96f74e0422a496fe576fe648035dcc0 av-special-heading-h2 meta-heading  avia-builder-el-0  el_before_av_two_third  avia-builder-el-first '><h2 class='av-special-heading-tag'  itemprop=\"headline\"  >Sending an enquiry<\/h2><div class=\"special-heading-border\"><div class=\"special-heading-inner-border\"><\/div><\/div><\/div>\n\n<style type=\"text\/css\" data-created_by=\"avia_inline_auto\" id=\"style-css-av-4un3rz-83763cfc86686e2ab5069e72678758ad\">\n.flex_column.av-4un3rz-83763cfc86686e2ab5069e72678758ad{\nwidth:66%;\npadding:3% 3% 3% 3%;\nbackground-color:#ffffff;\n}\n<\/style>\n<div  class='flex_column av-4un3rz-83763cfc86686e2ab5069e72678758ad av_two_third  avia-builder-el-1  el_after_av_heading  el_before_av_one_third  first flex_column_div  '     ><section  class='av_textblock_section av-lrnzywl6-cbbbc4269950ce7e5b08bb19482eb625 '   itemscope=\"itemscope\" itemtype=\"https:\/\/schema.org\/CreativeWork\" ><div class='avia_textblock'  itemprop=\"text\" ><p>\n<div class=\"wpcf7 no-js\" id=\"wpcf7-f4422-o1\" lang=\"en\" dir=\"ltr\" data-wpcf7-id=\"4422\">\n<div class=\"screen-reader-response\"><p role=\"status\" aria-live=\"polite\" aria-atomic=\"true\"><\/p> <ul><\/ul><\/div>\n<form action=\"\/en\/wp-json\/wp\/v2\/pages\/4347#wpcf7-f4422-o1\" method=\"post\" class=\"wpcf7-form init\" aria-label=\"Contact form\" enctype=\"multipart\/form-data\" novalidate=\"novalidate\" data-status=\"init\">\n<fieldset class=\"hidden-fields-container\"><input type=\"hidden\" name=\"_wpcf7\" value=\"4422\" \/><input type=\"hidden\" name=\"_wpcf7_version\" value=\"6.1.5\" \/><input type=\"hidden\" name=\"_wpcf7_locale\" value=\"en\" \/><input type=\"hidden\" name=\"_wpcf7_unit_tag\" value=\"wpcf7-f4422-o1\" \/><input type=\"hidden\" name=\"_wpcf7_container_post\" value=\"0\" \/><input type=\"hidden\" name=\"_wpcf7_posted_data_hash\" value=\"\" \/>\n<\/fieldset>\n<p><label> Name<br \/>\n<span class=\"wpcf7-form-control-wrap\" data-name=\"your-name\"><input size=\"40\" maxlength=\"400\" class=\"wpcf7-form-control wpcf7-text wpcf7-validates-as-required\" autocomplete=\"name\" aria-required=\"true\" aria-invalid=\"false\" value=\"\" type=\"text\" name=\"your-name\" \/><\/span> <\/label>\n<\/p>\n<p><label> Email address<br \/>\n<span class=\"wpcf7-form-control-wrap\" data-name=\"your-email\"><input size=\"40\" maxlength=\"400\" class=\"wpcf7-form-control wpcf7-email wpcf7-validates-as-required wpcf7-text wpcf7-validates-as-email\" autocomplete=\"email\" aria-required=\"true\" aria-invalid=\"false\" value=\"\" type=\"email\" name=\"your-email\" \/><\/span> <\/label>\n<\/p>\n<p><label> Select service<br \/>\n<span class=\"wpcf7-form-control-wrap\" data-name=\"service\"><select class=\"wpcf7-form-control wpcf7-select wpcf7-validates-as-required\" aria-required=\"true\" aria-invalid=\"false\" name=\"service\"><option value=\"\">&#8212;Please choose an option&#8212;<\/option><option value=\"Translation\">Translation<\/option><option value=\"Language translation\">Language translation<\/option><option value=\"Translation with layout\">Translation with layout<\/option><option value=\"Transcription\">Transcription<\/option><option value=\"Website localisation\">Website localisation<\/option><option value=\"Other (please specify)\">Other (please specify)<\/option><\/select><\/span> <\/label>\n<\/p>\n<p><label> Language pair<br \/>\n<span class=\"wpcf7-form-control-wrap\" data-name=\"language\"><select class=\"wpcf7-form-control wpcf7-select wpcf7-validates-as-required\" aria-required=\"true\" aria-invalid=\"false\" name=\"language\"><option value=\"\">&#8212;Please choose an option&#8212;<\/option><option value=\"Estonian-English\">Estonian-English<\/option><option value=\"English-Estonian\">English-Estonian<\/option><option value=\"Estonian-Russian\">Estonian-Russian<\/option><option value=\"Russian-Estonian\">Russian-Estonian<\/option><option value=\"Estonian-Latvian\">Estonian-Latvian<\/option><option value=\"Latvian-Estonian\">Latvian-Estonian<\/option><option value=\"Russian-Italian\">Russian-Italian<\/option><option value=\"Italian-Russian\">Italian-Russian<\/option><option value=\"Estonian-Finnish\">Estonian-Finnish<\/option><option value=\"Finnish-Finnish\">Finnish-Finnish<\/option><option value=\"Estonian-French\">Estonian-French<\/option><option value=\"French-Estonian\">French-Estonian<\/option><option value=\"Ukrainian-Finnish Estonian\">Ukrainian-Finnish Estonian<\/option><option value=\"Ukrainian-Russian\">Ukrainian-Russian<\/option><option value=\"German-Estonian\">German-Estonian<\/option><option value=\"German-Russian\">German-Russian<\/option><option value=\"Danish-Estonian\">Danish-Estonian<\/option><option value=\"Estonian-Tanish\">Estonian-Tanish<\/option><option value=\"Spanish-Estonian\">Spanish-Estonian<\/option><option value=\"Estonian-Spanish\">Estonian-Spanish<\/option><option value=\"Portuguese-Spanish\">Portuguese-Spanish<\/option><option value=\"English-Spanish\">English-Spanish<\/option><option value=\"Portuguese-Estonian\">Portuguese-Estonian<\/option><option value=\"Italian-Estonian\">Italian-Estonian<\/option><option value=\"Other (please specify)\">Other (please specify)<\/option><\/select><\/span> <\/label>\n<\/p>\n<p><label> Deadline<br \/>\n<span class=\"wpcf7-form-control-wrap\" data-name=\"date-272\"><input class=\"wpcf7-form-control wpcf7-date wpcf7-validates-as-required wpcf7-validates-as-date\" aria-required=\"true\" aria-invalid=\"false\" value=\"\" type=\"date\" name=\"date-272\" \/><\/span> <\/label>\n<\/p>\n<p><label> Description<br \/>\n<span class=\"wpcf7-form-control-wrap\" data-name=\"your-message\"><textarea cols=\"40\" rows=\"10\" maxlength=\"2000\" class=\"wpcf7-form-control wpcf7-textarea\" aria-invalid=\"false\" name=\"your-message\"><\/textarea><\/span> <\/label>\n<\/p>\n<p><label> How did you find us?<br \/>\n<span class=\"wpcf7-form-control-wrap\" data-name=\"how\"><select class=\"wpcf7-form-control wpcf7-select\" aria-invalid=\"false\" name=\"how\"><option value=\"\">&#8212;Please choose an option&#8212;<\/option><option value=\"Facebook\">Facebook<\/option><option value=\"Search Engine\">Search Engine<\/option><option value=\"Friend or Colleague\">Friend or Colleague<\/option><option value=\"Advertisement\">Advertisement<\/option><option value=\"Website\">Website<\/option><option value=\"Other Channels\">Other Channels<\/option><\/select><\/span> <\/label>\n<\/p>\n<p>Permitted file formats are doc, docx, dotx, bdoc, asice, sce, odt, ods, xls, xlsx, xlsm, csv, rtf, ppt, pptx, pdf, txt, zip, rar, 7z, gif, jpg, png, bmp, indd, indt, inx, po, pot, mp3, xml, xlf.\n<\/p>\n<p><span class=\"wpcf7-form-control-wrap\" data-name=\"file-82\"><input size=\"40\" class=\"wpcf7-form-control wpcf7-file\" accept=\"image\/*,.doc,.docx,.dotx,.bdoc,.asice,.sce,.odt,.ods,.xls,.xlsx,.xlsm,.csv,.rtf,.ppt,.ppx,.pptx,.pdf,.txt,.zip,.rar,.7z,.gif,.tif,.psd,.jpg,.png,.bmp,.indd,.indt,.inx,.po,.pot,.mp3,.xml,.eps,.svg,.xlf\" aria-invalid=\"false\" type=\"file\" name=\"file-82\" \/><\/span><br \/>\n<span class=\"wpcf7-form-control-wrap\" data-name=\"file-84\"><input size=\"40\" class=\"wpcf7-form-control wpcf7-file\" accept=\"image\/*,.doc,.docx,.dotx,.bdoc,.asice,.sce,.odt,.ods,.xls,.xlsx,.xlsm,.csv,.rtf,.ppt,.ppx,.pptx,.pdf,.txt,.zip,.rar,.7z,.gif,.tif,.psd,.jpg,.png,.bmp,.indd,.indt,.inx,.po,.pot,.mp3,.xml,.eps,.svg,.xlf\" aria-invalid=\"false\" type=\"file\" name=\"file-84\" \/><\/span><br \/>\n<span class=\"wpcf7-form-control-wrap\" data-name=\"file-216\"><input size=\"40\" class=\"wpcf7-form-control wpcf7-file\" accept=\"image\/*,.doc,.docx,.dotx,.bdoc,.asice,.sce,.odt,.ods,.xls,.xlsx,.xlsm,.csv,.rtf,.ppt,.ppx,.pptx,.pdf,.txt,.zip,.rar,.7z,.gif,.tif,.psd,.jpg,.png,.bmp,.indd,.indt,.inx,.po,.pot,.mp3,.xml,.eps,.svg,.xlf\" aria-invalid=\"false\" type=\"file\" name=\"file-216\" \/><\/span>\n<\/p>\n<p><input class=\"wpcf7-form-control wpcf7-submit has-spinner\" type=\"submit\" value=\"send\" \/>\n<\/p><div class=\"wpcf7-response-output\" aria-hidden=\"true\"><\/div>\n<\/form>\n<\/div>\n&#8220;]<\/p>\n<\/div><\/section><\/div>\n\n<style type=\"text\/css\" data-created_by=\"avia_inline_auto\" id=\"style-css-av-46jwn3-3eb4da194323bf7b47403b385b5f7c0b\">\n.flex_column.av-46jwn3-3eb4da194323bf7b47403b385b5f7c0b{\nwidth:32%;\nmargin-left:2%;\npadding:3% 3% 3% 3%;\nbackground-color:#ffffff;\n}\n<\/style>\n<div  class='flex_column av-46jwn3-3eb4da194323bf7b47403b385b5f7c0b av_one_third  avia-builder-el-3  el_after_av_two_third  el_before_av_hr  flex_column_div  '     ><p><section  class='av_textblock_section av-37jejz-379f983f5fd7543c1d03fca430a4e28e '   itemscope=\"itemscope\" itemtype=\"https:\/\/schema.org\/CreativeWork\" ><div class='avia_textblock'  itemprop=\"text\" ><p>T\u00f5lkeabi offers a translation, copywriting and editing service, sending your query directly to background-checked translators. In this way, we differentiate ourselves from translation agencies, as Tekstiabi brings together the best translators and those seeking their services. For this reason, the T\u00f5lkeabi.ee environment can be more accurately described as a marketplace or platform for translation services. We guarantee translation quality and timeliness.<\/p>\n<\/div><\/section><br \/>\n<section  class='av_textblock_section av-lsmygvkj-f6170aa3ab7b02f44aeda8d79c9f689e '   itemscope=\"itemscope\" itemtype=\"https:\/\/schema.org\/CreativeWork\" ><div class='avia_textblock'  itemprop=\"text\" ><p><strong><em>The allowed file formats are <\/em><\/strong><\/p>\n<p>doc, docx, dotx, rtf, txt, ods, odt, ppt, pptx<\/p>\n<hr>\n<p>pdf, po, pot, csv, xml<\/p>\n<hr>\n<p>xlf, xls, xlsm, xlsx<\/p>\n<hr>\n<p>indd, indt, inx<\/p>\n<hr>\n<p>bmp, gif, jpg, png, psd, tif, svg, eps<\/p>\n<hr>\n<p>asice, bdoc<\/p>\n<hr>\n<p>mp3<\/p>\n<hr>\n<p>rar, zip, 7z<\/p>\n<\/div><\/section><br \/>\n<section  class='av_textblock_section av-lsmz9l6h-4e593c9b5649404e2a7ec6051de9b5a1 '   itemscope=\"itemscope\" itemtype=\"https:\/\/schema.org\/CreativeWork\" ><div class='avia_textblock'  itemprop=\"text\" ><p>For very large files, we recommend using wetransfer.<a href=\"https:\/\/wetransfer.com\/\" target=\"_blank\" rel=\"noopener\"><\/a><\/p>\n<p><em>Additional information:<a href=\"mailto:info@tolkeabi.ee\"> info@tolkeabi.ee<\/a><\/em><\/p>\n<\/div><\/section><\/p><\/div>\n\n<style type=\"text\/css\" data-created_by=\"avia_inline_auto\" id=\"style-css-av-2kautb-fdf3e3eb7fd1f5bcaeec526c068dab73\">\n#top .hr.hr-invisible.av-2kautb-fdf3e3eb7fd1f5bcaeec526c068dab73{\nheight:50px;\n}\n<\/style>\n<div  class='hr av-2kautb-fdf3e3eb7fd1f5bcaeec526c068dab73 hr-invisible  avia-builder-el-7  el_after_av_one_third  el_before_av_textblock '><span class='hr-inner '><span class=\"hr-inner-style\"><\/span><\/span><\/div>\n<section  class='av_textblock_section av-ls6d05yo-4f91789725c3643ef48bbcebb3af1ce8 '   itemscope=\"itemscope\" itemtype=\"https:\/\/schema.org\/CreativeWork\" ><div class='avia_textblock'  itemprop=\"text\" ><p><strong>NB! The order will be processed after the payment has been made using the payment link sent to your e-mail address. A payment link will be sent to you by e-mail. After the payment has been made, we will issue an invoice with the details you entered.<\/strong><\/p>\n<p>T\u00d5LKEKESKUS O\u00dc<\/p>\n<\/div><\/section>\n","protected":false},"excerpt":{"rendered":"","protected":false},"author":1,"featured_media":0,"parent":0,"menu_order":0,"comment_status":"closed","ping_status":"open","template":"","meta":{"footnotes":""},"class_list":["post-4347","page","type-page","status-publish","hentry"],"yoast_head":"<!-- This site is optimized with the Yoast SEO plugin v27.3 - https:\/\/yoast.com\/product\/yoast-seo-wordpress\/ -->\n<title>Send an enquiry - T&otilde;lkeabi<\/title>\n<meta name=\"description\" content=\"T\u00f5lkeabi, soodne t\u00f5lkimine, tekstiabi, t\u00f5lketeenus, teksti toimetamine, kujundatud failide t\u00f5lkimine, inglise-eesti, eesti-inglise, vene, \u043f\u0435\u0440\u0435\u0432\u043e\u0434\" \/>\n<meta name=\"robots\" content=\"index, follow, max-snippet:-1, max-image-preview:large, max-video-preview:-1\" \/>\n<link rel=\"canonical\" href=\"https:\/\/tolkeabi.ee\/en\/kontakt\/\" \/>\n<meta property=\"og:locale\" content=\"en_US\" \/>\n<meta property=\"og:type\" content=\"article\" \/>\n<meta property=\"og:title\" content=\"Send an enquiry - T&otilde;lkeabi\" \/>\n<meta property=\"og:description\" content=\"T\u00f5lkeabi, soodne t\u00f5lkimine, tekstiabi, t\u00f5lketeenus, teksti toimetamine, kujundatud failide t\u00f5lkimine, inglise-eesti, eesti-inglise, vene, \u043f\u0435\u0440\u0435\u0432\u043e\u0434\" \/>\n<meta property=\"og:url\" content=\"https:\/\/tolkeabi.ee\/en\/kontakt\/\" \/>\n<meta property=\"og:site_name\" content=\"T&otilde;lkeabi\" \/>\n<meta property=\"article:publisher\" content=\"https:\/\/www.facebook.com\/tolkeabi\" \/>\n<meta property=\"article:modified_time\" content=\"2024-04-01T07:46:15+00:00\" \/>\n<meta name=\"twitter:card\" content=\"summary_large_image\" \/>\n<meta name=\"twitter:site\" content=\"@TolkeAbi\" \/>\n<meta name=\"twitter:label1\" content=\"Est. reading time\" \/>\n\t<meta name=\"twitter:data1\" content=\"2 minutes\" \/>\n<script type=\"application\/ld+json\" class=\"yoast-schema-graph\">{\"@context\":\"https:\\\/\\\/schema.org\",\"@graph\":[{\"@type\":\"WebPage\",\"@id\":\"https:\\\/\\\/tolkeabi.ee\\\/en\\\/kontakt\\\/\",\"url\":\"https:\\\/\\\/tolkeabi.ee\\\/en\\\/kontakt\\\/\",\"name\":\"Send an enquiry - T&otilde;lkeabi\",\"isPartOf\":{\"@id\":\"https:\\\/\\\/tolkeabi.ee\\\/en\\\/#website\"},\"datePublished\":\"2013-04-05T10:33:38+00:00\",\"dateModified\":\"2024-04-01T07:46:15+00:00\",\"description\":\"T\u00f5lkeabi, soodne t\u00f5lkimine, tekstiabi, t\u00f5lketeenus, teksti toimetamine, kujundatud failide t\u00f5lkimine, inglise-eesti, eesti-inglise, vene, \u043f\u0435\u0440\u0435\u0432\u043e\u0434\",\"breadcrumb\":{\"@id\":\"https:\\\/\\\/tolkeabi.ee\\\/en\\\/kontakt\\\/#breadcrumb\"},\"inLanguage\":\"en-US\",\"potentialAction\":[{\"@type\":\"ReadAction\",\"target\":[\"https:\\\/\\\/tolkeabi.ee\\\/en\\\/kontakt\\\/\"]}]},{\"@type\":\"BreadcrumbList\",\"@id\":\"https:\\\/\\\/tolkeabi.ee\\\/en\\\/kontakt\\\/#breadcrumb\",\"itemListElement\":[{\"@type\":\"ListItem\",\"position\":1,\"name\":\"Home\",\"item\":\"https:\\\/\\\/tolkeabi.ee\\\/en\\\/avaleht\\\/\"},{\"@type\":\"ListItem\",\"position\":2,\"name\":\"Send an enquiry\"}]},{\"@type\":\"WebSite\",\"@id\":\"https:\\\/\\\/tolkeabi.ee\\\/en\\\/#website\",\"url\":\"https:\\\/\\\/tolkeabi.ee\\\/en\\\/\",\"name\":\"T\u00f5lkeabi\",\"description\":\"tekstiabi\",\"publisher\":{\"@id\":\"https:\\\/\\\/tolkeabi.ee\\\/en\\\/#organization\"},\"alternateName\":\"Tekstiabi\",\"potentialAction\":[{\"@type\":\"SearchAction\",\"target\":{\"@type\":\"EntryPoint\",\"urlTemplate\":\"https:\\\/\\\/tolkeabi.ee\\\/en\\\/?s={search_term_string}\"},\"query-input\":{\"@type\":\"PropertyValueSpecification\",\"valueRequired\":true,\"valueName\":\"search_term_string\"}}],\"inLanguage\":\"en-US\"},{\"@type\":\"Organization\",\"@id\":\"https:\\\/\\\/tolkeabi.ee\\\/en\\\/#organization\",\"name\":\"T\u00f5lkeabi\",\"alternateName\":\"Tekstiabi\",\"url\":\"https:\\\/\\\/tolkeabi.ee\\\/en\\\/\",\"logo\":{\"@type\":\"ImageObject\",\"inLanguage\":\"en-US\",\"@id\":\"https:\\\/\\\/tolkeabi.ee\\\/en\\\/#\\\/schema\\\/logo\\\/image\\\/\",\"url\":\"https:\\\/\\\/tolkeabi.ee\\\/wp-content\\\/uploads\\\/2024\\\/02\\\/tolkeabi_600x600.jpg\",\"contentUrl\":\"https:\\\/\\\/tolkeabi.ee\\\/wp-content\\\/uploads\\\/2024\\\/02\\\/tolkeabi_600x600.jpg\",\"width\":600,\"height\":600,\"caption\":\"T\u00f5lkeabi\"},\"image\":{\"@id\":\"https:\\\/\\\/tolkeabi.ee\\\/en\\\/#\\\/schema\\\/logo\\\/image\\\/\"},\"sameAs\":[\"https:\\\/\\\/www.facebook.com\\\/tolkeabi\",\"https:\\\/\\\/x.com\\\/TolkeAbi\"]}]}<\/script>\n<!-- \/ Yoast SEO plugin. -->","yoast_head_json":{"title":"Send an enquiry - T&otilde;lkeabi","description":"T\u00f5lkeabi, soodne t\u00f5lkimine, tekstiabi, t\u00f5lketeenus, teksti toimetamine, kujundatud failide t\u00f5lkimine, inglise-eesti, eesti-inglise, vene, \u043f\u0435\u0440\u0435\u0432\u043e\u0434","robots":{"index":"index","follow":"follow","max-snippet":"max-snippet:-1","max-image-preview":"max-image-preview:large","max-video-preview":"max-video-preview:-1"},"canonical":"https:\/\/tolkeabi.ee\/en\/kontakt\/","og_locale":"en_US","og_type":"article","og_title":"Send an enquiry - T&otilde;lkeabi","og_description":"T\u00f5lkeabi, soodne t\u00f5lkimine, tekstiabi, t\u00f5lketeenus, teksti toimetamine, kujundatud failide t\u00f5lkimine, inglise-eesti, eesti-inglise, vene, \u043f\u0435\u0440\u0435\u0432\u043e\u0434","og_url":"https:\/\/tolkeabi.ee\/en\/kontakt\/","og_site_name":"T&otilde;lkeabi","article_publisher":"https:\/\/www.facebook.com\/tolkeabi","article_modified_time":"2024-04-01T07:46:15+00:00","twitter_card":"summary_large_image","twitter_site":"@TolkeAbi","twitter_misc":{"Est. reading time":"2 minutes"},"schema":{"@context":"https:\/\/schema.org","@graph":[{"@type":"WebPage","@id":"https:\/\/tolkeabi.ee\/en\/kontakt\/","url":"https:\/\/tolkeabi.ee\/en\/kontakt\/","name":"Send an enquiry - T&otilde;lkeabi","isPartOf":{"@id":"https:\/\/tolkeabi.ee\/en\/#website"},"datePublished":"2013-04-05T10:33:38+00:00","dateModified":"2024-04-01T07:46:15+00:00","description":"T\u00f5lkeabi, soodne t\u00f5lkimine, tekstiabi, t\u00f5lketeenus, teksti toimetamine, kujundatud failide t\u00f5lkimine, inglise-eesti, eesti-inglise, vene, \u043f\u0435\u0440\u0435\u0432\u043e\u0434","breadcrumb":{"@id":"https:\/\/tolkeabi.ee\/en\/kontakt\/#breadcrumb"},"inLanguage":"en-US","potentialAction":[{"@type":"ReadAction","target":["https:\/\/tolkeabi.ee\/en\/kontakt\/"]}]},{"@type":"BreadcrumbList","@id":"https:\/\/tolkeabi.ee\/en\/kontakt\/#breadcrumb","itemListElement":[{"@type":"ListItem","position":1,"name":"Home","item":"https:\/\/tolkeabi.ee\/en\/avaleht\/"},{"@type":"ListItem","position":2,"name":"Send an enquiry"}]},{"@type":"WebSite","@id":"https:\/\/tolkeabi.ee\/en\/#website","url":"https:\/\/tolkeabi.ee\/en\/","name":"T\u00f5lkeabi","description":"tekstiabi","publisher":{"@id":"https:\/\/tolkeabi.ee\/en\/#organization"},"alternateName":"Tekstiabi","potentialAction":[{"@type":"SearchAction","target":{"@type":"EntryPoint","urlTemplate":"https:\/\/tolkeabi.ee\/en\/?s={search_term_string}"},"query-input":{"@type":"PropertyValueSpecification","valueRequired":true,"valueName":"search_term_string"}}],"inLanguage":"en-US"},{"@type":"Organization","@id":"https:\/\/tolkeabi.ee\/en\/#organization","name":"T\u00f5lkeabi","alternateName":"Tekstiabi","url":"https:\/\/tolkeabi.ee\/en\/","logo":{"@type":"ImageObject","inLanguage":"en-US","@id":"https:\/\/tolkeabi.ee\/en\/#\/schema\/logo\/image\/","url":"https:\/\/tolkeabi.ee\/wp-content\/uploads\/2024\/02\/tolkeabi_600x600.jpg","contentUrl":"https:\/\/tolkeabi.ee\/wp-content\/uploads\/2024\/02\/tolkeabi_600x600.jpg","width":600,"height":600,"caption":"T\u00f5lkeabi"},"image":{"@id":"https:\/\/tolkeabi.ee\/en\/#\/schema\/logo\/image\/"},"sameAs":["https:\/\/www.facebook.com\/tolkeabi","https:\/\/x.com\/TolkeAbi"]}]}},"_links":{"self":[{"href":"https:\/\/tolkeabi.ee\/en\/wp-json\/wp\/v2\/pages\/4347","targetHints":{"allow":["GET"]}}],"collection":[{"href":"https:\/\/tolkeabi.ee\/en\/wp-json\/wp\/v2\/pages"}],"about":[{"href":"https:\/\/tolkeabi.ee\/en\/wp-json\/wp\/v2\/types\/page"}],"author":[{"embeddable":true,"href":"https:\/\/tolkeabi.ee\/en\/wp-json\/wp\/v2\/users\/1"}],"replies":[{"embeddable":true,"href":"https:\/\/tolkeabi.ee\/en\/wp-json\/wp\/v2\/comments?post=4347"}],"version-history":[{"count":14,"href":"https:\/\/tolkeabi.ee\/en\/wp-json\/wp\/v2\/pages\/4347\/revisions"}],"predecessor-version":[{"id":4349,"href":"https:\/\/tolkeabi.ee\/en\/wp-json\/wp\/v2\/pages\/4347\/revisions\/4349"}],"wp:attachment":[{"href":"https:\/\/tolkeabi.ee\/en\/wp-json\/wp\/v2\/media?parent=4347"}],"curies":[{"name":"wp","href":"https:\/\/api.w.org\/{rel}","templated":true}]}}