{"id":4356,"date":"2024-01-16T21:29:55","date_gmt":"2024-01-16T19:29:55","guid":{"rendered":"https:\/\/tolkeabi.ee\/tolkimine\/"},"modified":"2024-04-01T10:38:57","modified_gmt":"2024-04-01T07:38:57","slug":"tolkimine","status":"publish","type":"page","link":"https:\/\/tolkeabi.ee\/en\/tolkimine\/","title":{"rendered":"Translation"},"content":{"rendered":"<div id='av_section_1'  class='avia-section av-2hp8mf-0d7b90e5068e4e8b4aa41449faf60c83 main_color avia-section-default avia-no-border-styling  avia-builder-el-0  avia-builder-el-no-sibling  avia-bg-style-scroll container_wrap sidebar_right'  ><div class='container av-section-cont-open' ><main  role=\"main\" itemprop=\"mainContentOfPage\"  class='template-page content  av-content-small alpha units'><div class='post-entry post-entry-type-page post-entry-4356'><div class='entry-content-wrapper clearfix'>\n\n<style type=\"text\/css\" data-created_by=\"avia_inline_auto\" id=\"style-css-av-ls92gbqd-ff9960446d056918e6cff4ace567c5f0\">\n#top .hr.hr-invisible.av-ls92gbqd-ff9960446d056918e6cff4ace567c5f0{\nheight:50px;\n}\n<\/style>\n<div  class='hr av-ls92gbqd-ff9960446d056918e6cff4ace567c5f0 hr-invisible  avia-builder-el-1  el_before_av_heading  avia-builder-el-first  av-small-hide av-mini-hide'><span class='hr-inner '><span class=\"hr-inner-style\"><\/span><\/span><\/div>\n\n<style type=\"text\/css\" data-created_by=\"avia_inline_auto\" id=\"style-css-av-ls92ey8m-d6e2c72c9ebdfdba69a7c25a1478d196\">\n#top .av-special-heading.av-ls92ey8m-d6e2c72c9ebdfdba69a7c25a1478d196{\npadding-bottom:10px;\n}\nbody .av-special-heading.av-ls92ey8m-d6e2c72c9ebdfdba69a7c25a1478d196 .av-special-heading-tag .heading-char{\nfont-size:25px;\n}\n.av-special-heading.av-ls92ey8m-d6e2c72c9ebdfdba69a7c25a1478d196 .av-subheading{\nfont-size:15px;\n}\n<\/style>\n<div  class='av-special-heading av-ls92ey8m-d6e2c72c9ebdfdba69a7c25a1478d196 av-special-heading-h2  avia-builder-el-2  el_after_av_hr  el_before_av_two_third '><h2 class='av-special-heading-tag'  itemprop=\"headline\"  >T\u00f5lkimine<\/h2><div class=\"special-heading-border\"><div class=\"special-heading-inner-border\"><\/div><\/div><\/div>\n<div  class='flex_column av-334uef-5f29b318a9a984f5f65050e7dd40f17e av_two_third  avia-builder-el-3  el_after_av_heading  el_before_av_one_third  first flex_column_div  '     ><section  class='av_textblock_section av-ls92dwgp-b7bf7650e6f7024dea144bd6db5d61f8 '   itemscope=\"itemscope\" itemtype=\"https:\/\/schema.org\/CreativeWork\" ><div class='avia_textblock'  itemprop=\"text\" ><table class=\"table table-sm table-bordered table-hover\">\n<thead class=\"thead-light\">\n<tr>\n<th scope=\"col\" width=\"30%\"><strong>Process<\/strong><\/th>\n<th scope=\"col\" width=\"70%\">Comments<\/th>\n<\/tr>\n<\/thead>\n<tbody>\n<tr>\n<td><strong>Compiling an enquiry<\/strong><\/td>\n<td>\n<ul>\n<li>It shouldn&#8217;t take more than a minute to complete your query.<\/li>\n<li>The query is sent directly to professional translators. The competence of all translators is checked.<\/li>\n<\/ul>\n<\/td>\n<\/tr>\n<tr>\n<td><strong>Receiving quotes<\/strong><\/td>\n<td>\n<ul>\n<li>Suitable translators will be automatically notified of a new request by email.<\/li>\n<li>For the most common languages, translators start sending quotes within 5-20 minutes, regardless of the time of day or day of the week.<\/li>\n<li>The price quoted in the offer is the final price, no additional charges will be added.<\/li>\n<\/ul>\n<\/td>\n<\/tr>\n<tr>\n<td><strong>Placing an order with the selected translator<\/strong><\/td>\n<td>\n<ul>\n<li>In order for the order to be processed, the customer must pay the invoice provided by us.<\/li>\n<li>It is possible to pay for your subscription via online banking and payment gateway.<\/li>\n<\/ul>\n<\/td>\n<\/tr>\n<tr>\n<td><strong>Accepting a job<\/strong><\/td>\n<td>\n<ul>\n<li>When the translation is ready, the client will be notified by email.<\/li>\n<li>The client has the option of accepting the work or sending it for correction.<\/li>\n<\/ul>\n<\/td>\n<\/tr>\n<\/tbody>\n<\/table>\n<\/div><\/section><\/div><div  class='flex_column av-1iqejj-9d9ee5b5e3a752b7773cd04cb63d7985 av_one_third  avia-builder-el-5  el_after_av_two_third  avia-builder-el-last  flex_column_div  '     ><section  class='av_textblock_section av-ls92e48d-761442ce7f31162a22051e208d5d541d '   itemscope=\"itemscope\" itemtype=\"https:\/\/schema.org\/CreativeWork\" ><div class='avia_textblock'  itemprop=\"text\" ><p><img decoding=\"async\" class=\"img-fluid\" src=\"https:\/\/www.lillemaa.com\/tlk\/wp-content\/themes\/exertio\/images\/check-box.png\" alt=\"\"> Background checked<\/p>\n<p><img decoding=\"async\" class=\"img-fluid\" src=\"https:\/\/www.lillemaa.com\/tlk\/wp-content\/themes\/exertio\/images\/check-box.png\" alt=\"\"> A definite deadline<\/p>\n<p><img decoding=\"async\" class=\"img-fluid\" src=\"https:\/\/www.lillemaa.com\/tlk\/wp-content\/themes\/exertio\/images\/check-box.png\" alt=\"\"> Fixed price<\/p>\n<p><img decoding=\"async\" class=\"img-fluid\" src=\"https:\/\/www.lillemaa.com\/tlk\/wp-content\/themes\/exertio\/images\/check-box.png\" alt=\"\"> Secure<\/p>\n<\/div><\/section><\/div><\/div><\/div><\/main><!-- close content main element --><\/div><\/div><div id='after_section_1'  class='main_color av_default_container_wrap container_wrap sidebar_right'  ><div class='container av-section-cont-open' ><div class='template-page content  av-content-small alpha units'><div class='post-entry post-entry-type-page post-entry-4356'><div class='entry-content-wrapper clearfix'>\n","protected":false},"excerpt":{"rendered":"","protected":false},"author":1,"featured_media":0,"parent":0,"menu_order":0,"comment_status":"closed","ping_status":"open","template":"","meta":{"footnotes":""},"class_list":["post-4356","page","type-page","status-publish","hentry"],"yoast_head":"<!-- This site is optimized with the Yoast SEO plugin v27.3 - https:\/\/yoast.com\/product\/yoast-seo-wordpress\/ -->\n<title>Translation - T&otilde;lkeabi<\/title>\n<meta name=\"description\" content=\"T\u00f5lkeabi, soodne t\u00f5lkimine, tekstiabi, t\u00f5lketeenus, teksti toimetamine, kujundatud failide t\u00f5lkimine, inglise-eesti, eesti-inglise, vene, \u043f\u0435\u0440\u0435\u0432\u043e\u0434\" \/>\n<meta name=\"robots\" content=\"index, follow, max-snippet:-1, max-image-preview:large, max-video-preview:-1\" \/>\n<link rel=\"canonical\" href=\"https:\/\/tolkeabi.ee\/en\/tolkimine\/\" \/>\n<meta property=\"og:locale\" content=\"en_US\" \/>\n<meta property=\"og:type\" content=\"article\" \/>\n<meta property=\"og:title\" content=\"Translation - T&otilde;lkeabi\" \/>\n<meta property=\"og:description\" content=\"T\u00f5lkeabi, soodne t\u00f5lkimine, tekstiabi, t\u00f5lketeenus, teksti toimetamine, kujundatud failide t\u00f5lkimine, inglise-eesti, eesti-inglise, vene, \u043f\u0435\u0440\u0435\u0432\u043e\u0434\" \/>\n<meta property=\"og:url\" content=\"https:\/\/tolkeabi.ee\/en\/tolkimine\/\" \/>\n<meta property=\"og:site_name\" content=\"T&otilde;lkeabi\" \/>\n<meta property=\"article:publisher\" content=\"https:\/\/www.facebook.com\/tolkeabi\" \/>\n<meta property=\"article:modified_time\" content=\"2024-04-01T07:38:57+00:00\" \/>\n<meta property=\"og:image\" content=\"https:\/\/www.lillemaa.com\/tlk\/wp-content\/themes\/exertio\/images\/check-box.png\" \/>\n<meta name=\"twitter:card\" content=\"summary_large_image\" \/>\n<meta name=\"twitter:site\" content=\"@TolkeAbi\" \/>\n<meta name=\"twitter:label1\" content=\"Est. reading time\" \/>\n\t<meta name=\"twitter:data1\" content=\"2 minutes\" \/>\n<script type=\"application\/ld+json\" class=\"yoast-schema-graph\">{\"@context\":\"https:\\\/\\\/schema.org\",\"@graph\":[{\"@type\":\"WebPage\",\"@id\":\"https:\\\/\\\/tolkeabi.ee\\\/en\\\/tolkimine\\\/\",\"url\":\"https:\\\/\\\/tolkeabi.ee\\\/en\\\/tolkimine\\\/\",\"name\":\"Translation - T&otilde;lkeabi\",\"isPartOf\":{\"@id\":\"https:\\\/\\\/tolkeabi.ee\\\/en\\\/#website\"},\"primaryImageOfPage\":{\"@id\":\"https:\\\/\\\/tolkeabi.ee\\\/en\\\/tolkimine\\\/#primaryimage\"},\"image\":{\"@id\":\"https:\\\/\\\/tolkeabi.ee\\\/en\\\/tolkimine\\\/#primaryimage\"},\"thumbnailUrl\":\"https:\\\/\\\/www.lillemaa.com\\\/tlk\\\/wp-content\\\/themes\\\/exertio\\\/images\\\/check-box.png\",\"datePublished\":\"2024-01-16T19:29:55+00:00\",\"dateModified\":\"2024-04-01T07:38:57+00:00\",\"description\":\"T\u00f5lkeabi, soodne t\u00f5lkimine, tekstiabi, t\u00f5lketeenus, teksti toimetamine, kujundatud failide t\u00f5lkimine, inglise-eesti, eesti-inglise, vene, \u043f\u0435\u0440\u0435\u0432\u043e\u0434\",\"breadcrumb\":{\"@id\":\"https:\\\/\\\/tolkeabi.ee\\\/en\\\/tolkimine\\\/#breadcrumb\"},\"inLanguage\":\"en-US\",\"potentialAction\":[{\"@type\":\"ReadAction\",\"target\":[\"https:\\\/\\\/tolkeabi.ee\\\/en\\\/tolkimine\\\/\"]}]},{\"@type\":\"ImageObject\",\"inLanguage\":\"en-US\",\"@id\":\"https:\\\/\\\/tolkeabi.ee\\\/en\\\/tolkimine\\\/#primaryimage\",\"url\":\"https:\\\/\\\/www.lillemaa.com\\\/tlk\\\/wp-content\\\/themes\\\/exertio\\\/images\\\/check-box.png\",\"contentUrl\":\"https:\\\/\\\/www.lillemaa.com\\\/tlk\\\/wp-content\\\/themes\\\/exertio\\\/images\\\/check-box.png\"},{\"@type\":\"BreadcrumbList\",\"@id\":\"https:\\\/\\\/tolkeabi.ee\\\/en\\\/tolkimine\\\/#breadcrumb\",\"itemListElement\":[{\"@type\":\"ListItem\",\"position\":1,\"name\":\"Home\",\"item\":\"https:\\\/\\\/tolkeabi.ee\\\/en\\\/avaleht\\\/\"},{\"@type\":\"ListItem\",\"position\":2,\"name\":\"Translation\"}]},{\"@type\":\"WebSite\",\"@id\":\"https:\\\/\\\/tolkeabi.ee\\\/en\\\/#website\",\"url\":\"https:\\\/\\\/tolkeabi.ee\\\/en\\\/\",\"name\":\"T\u00f5lkeabi\",\"description\":\"tekstiabi\",\"publisher\":{\"@id\":\"https:\\\/\\\/tolkeabi.ee\\\/en\\\/#organization\"},\"alternateName\":\"Tekstiabi\",\"potentialAction\":[{\"@type\":\"SearchAction\",\"target\":{\"@type\":\"EntryPoint\",\"urlTemplate\":\"https:\\\/\\\/tolkeabi.ee\\\/en\\\/?s={search_term_string}\"},\"query-input\":{\"@type\":\"PropertyValueSpecification\",\"valueRequired\":true,\"valueName\":\"search_term_string\"}}],\"inLanguage\":\"en-US\"},{\"@type\":\"Organization\",\"@id\":\"https:\\\/\\\/tolkeabi.ee\\\/en\\\/#organization\",\"name\":\"T\u00f5lkeabi\",\"alternateName\":\"Tekstiabi\",\"url\":\"https:\\\/\\\/tolkeabi.ee\\\/en\\\/\",\"logo\":{\"@type\":\"ImageObject\",\"inLanguage\":\"en-US\",\"@id\":\"https:\\\/\\\/tolkeabi.ee\\\/en\\\/#\\\/schema\\\/logo\\\/image\\\/\",\"url\":\"https:\\\/\\\/tolkeabi.ee\\\/wp-content\\\/uploads\\\/2024\\\/02\\\/tolkeabi_600x600.jpg\",\"contentUrl\":\"https:\\\/\\\/tolkeabi.ee\\\/wp-content\\\/uploads\\\/2024\\\/02\\\/tolkeabi_600x600.jpg\",\"width\":600,\"height\":600,\"caption\":\"T\u00f5lkeabi\"},\"image\":{\"@id\":\"https:\\\/\\\/tolkeabi.ee\\\/en\\\/#\\\/schema\\\/logo\\\/image\\\/\"},\"sameAs\":[\"https:\\\/\\\/www.facebook.com\\\/tolkeabi\",\"https:\\\/\\\/x.com\\\/TolkeAbi\"]}]}<\/script>\n<!-- \/ Yoast SEO plugin. -->","yoast_head_json":{"title":"Translation - T&otilde;lkeabi","description":"T\u00f5lkeabi, soodne t\u00f5lkimine, tekstiabi, t\u00f5lketeenus, teksti toimetamine, kujundatud failide t\u00f5lkimine, inglise-eesti, eesti-inglise, vene, \u043f\u0435\u0440\u0435\u0432\u043e\u0434","robots":{"index":"index","follow":"follow","max-snippet":"max-snippet:-1","max-image-preview":"max-image-preview:large","max-video-preview":"max-video-preview:-1"},"canonical":"https:\/\/tolkeabi.ee\/en\/tolkimine\/","og_locale":"en_US","og_type":"article","og_title":"Translation - T&otilde;lkeabi","og_description":"T\u00f5lkeabi, soodne t\u00f5lkimine, tekstiabi, t\u00f5lketeenus, teksti toimetamine, kujundatud failide t\u00f5lkimine, inglise-eesti, eesti-inglise, vene, \u043f\u0435\u0440\u0435\u0432\u043e\u0434","og_url":"https:\/\/tolkeabi.ee\/en\/tolkimine\/","og_site_name":"T&otilde;lkeabi","article_publisher":"https:\/\/www.facebook.com\/tolkeabi","article_modified_time":"2024-04-01T07:38:57+00:00","og_image":[{"url":"https:\/\/www.lillemaa.com\/tlk\/wp-content\/themes\/exertio\/images\/check-box.png","type":"","width":"","height":""}],"twitter_card":"summary_large_image","twitter_site":"@TolkeAbi","twitter_misc":{"Est. reading time":"2 minutes"},"schema":{"@context":"https:\/\/schema.org","@graph":[{"@type":"WebPage","@id":"https:\/\/tolkeabi.ee\/en\/tolkimine\/","url":"https:\/\/tolkeabi.ee\/en\/tolkimine\/","name":"Translation - T&otilde;lkeabi","isPartOf":{"@id":"https:\/\/tolkeabi.ee\/en\/#website"},"primaryImageOfPage":{"@id":"https:\/\/tolkeabi.ee\/en\/tolkimine\/#primaryimage"},"image":{"@id":"https:\/\/tolkeabi.ee\/en\/tolkimine\/#primaryimage"},"thumbnailUrl":"https:\/\/www.lillemaa.com\/tlk\/wp-content\/themes\/exertio\/images\/check-box.png","datePublished":"2024-01-16T19:29:55+00:00","dateModified":"2024-04-01T07:38:57+00:00","description":"T\u00f5lkeabi, soodne t\u00f5lkimine, tekstiabi, t\u00f5lketeenus, teksti toimetamine, kujundatud failide t\u00f5lkimine, inglise-eesti, eesti-inglise, vene, \u043f\u0435\u0440\u0435\u0432\u043e\u0434","breadcrumb":{"@id":"https:\/\/tolkeabi.ee\/en\/tolkimine\/#breadcrumb"},"inLanguage":"en-US","potentialAction":[{"@type":"ReadAction","target":["https:\/\/tolkeabi.ee\/en\/tolkimine\/"]}]},{"@type":"ImageObject","inLanguage":"en-US","@id":"https:\/\/tolkeabi.ee\/en\/tolkimine\/#primaryimage","url":"https:\/\/www.lillemaa.com\/tlk\/wp-content\/themes\/exertio\/images\/check-box.png","contentUrl":"https:\/\/www.lillemaa.com\/tlk\/wp-content\/themes\/exertio\/images\/check-box.png"},{"@type":"BreadcrumbList","@id":"https:\/\/tolkeabi.ee\/en\/tolkimine\/#breadcrumb","itemListElement":[{"@type":"ListItem","position":1,"name":"Home","item":"https:\/\/tolkeabi.ee\/en\/avaleht\/"},{"@type":"ListItem","position":2,"name":"Translation"}]},{"@type":"WebSite","@id":"https:\/\/tolkeabi.ee\/en\/#website","url":"https:\/\/tolkeabi.ee\/en\/","name":"T\u00f5lkeabi","description":"tekstiabi","publisher":{"@id":"https:\/\/tolkeabi.ee\/en\/#organization"},"alternateName":"Tekstiabi","potentialAction":[{"@type":"SearchAction","target":{"@type":"EntryPoint","urlTemplate":"https:\/\/tolkeabi.ee\/en\/?s={search_term_string}"},"query-input":{"@type":"PropertyValueSpecification","valueRequired":true,"valueName":"search_term_string"}}],"inLanguage":"en-US"},{"@type":"Organization","@id":"https:\/\/tolkeabi.ee\/en\/#organization","name":"T\u00f5lkeabi","alternateName":"Tekstiabi","url":"https:\/\/tolkeabi.ee\/en\/","logo":{"@type":"ImageObject","inLanguage":"en-US","@id":"https:\/\/tolkeabi.ee\/en\/#\/schema\/logo\/image\/","url":"https:\/\/tolkeabi.ee\/wp-content\/uploads\/2024\/02\/tolkeabi_600x600.jpg","contentUrl":"https:\/\/tolkeabi.ee\/wp-content\/uploads\/2024\/02\/tolkeabi_600x600.jpg","width":600,"height":600,"caption":"T\u00f5lkeabi"},"image":{"@id":"https:\/\/tolkeabi.ee\/en\/#\/schema\/logo\/image\/"},"sameAs":["https:\/\/www.facebook.com\/tolkeabi","https:\/\/x.com\/TolkeAbi"]}]}},"_links":{"self":[{"href":"https:\/\/tolkeabi.ee\/en\/wp-json\/wp\/v2\/pages\/4356","targetHints":{"allow":["GET"]}}],"collection":[{"href":"https:\/\/tolkeabi.ee\/en\/wp-json\/wp\/v2\/pages"}],"about":[{"href":"https:\/\/tolkeabi.ee\/en\/wp-json\/wp\/v2\/types\/page"}],"author":[{"embeddable":true,"href":"https:\/\/tolkeabi.ee\/en\/wp-json\/wp\/v2\/users\/1"}],"replies":[{"embeddable":true,"href":"https:\/\/tolkeabi.ee\/en\/wp-json\/wp\/v2\/comments?post=4356"}],"version-history":[{"count":4,"href":"https:\/\/tolkeabi.ee\/en\/wp-json\/wp\/v2\/pages\/4356\/revisions"}],"predecessor-version":[{"id":4418,"href":"https:\/\/tolkeabi.ee\/en\/wp-json\/wp\/v2\/pages\/4356\/revisions\/4418"}],"wp:attachment":[{"href":"https:\/\/tolkeabi.ee\/en\/wp-json\/wp\/v2\/media?parent=4356"}],"curies":[{"name":"wp","href":"https:\/\/api.w.org\/{rel}","templated":true}]}}