{"id":4358,"date":"2024-01-29T14:50:23","date_gmt":"2024-01-29T12:50:23","guid":{"rendered":"https:\/\/tolkeabi.ee\/liitu\/"},"modified":"2024-04-01T10:47:51","modified_gmt":"2024-04-01T07:47:51","slug":"liitu","status":"publish","type":"page","link":"https:\/\/tolkeabi.ee\/en\/liitu\/","title":{"rendered":"Become a translator"},"content":{"rendered":"\n<style type=\"text\/css\" data-created_by=\"avia_inline_auto\" id=\"style-css-av-4un3rz-2b5fef0649261079c0ec24e2546c6907\">\n.flex_column.av-4un3rz-2b5fef0649261079c0ec24e2546c6907{\npadding:3% 3% 3% 3%;\nbackground-color:#ffffff;\n}\n<\/style>\n<div  class='flex_column av-4un3rz-2b5fef0649261079c0ec24e2546c6907 av_one_full  avia-builder-el-0  el_before_av_toggle_container  avia-builder-el-first  first flex_column_div  '     ><p>\n<style type=\"text\/css\" data-created_by=\"avia_inline_auto\" id=\"style-css-av-egoga7-f27d6922766f15d8a987489ead1307cd\">\n#top .av-special-heading.av-egoga7-f27d6922766f15d8a987489ead1307cd{\npadding-bottom:10px;\n}\nbody .av-special-heading.av-egoga7-f27d6922766f15d8a987489ead1307cd .av-special-heading-tag .heading-char{\nfont-size:25px;\n}\n.av-special-heading.av-egoga7-f27d6922766f15d8a987489ead1307cd .av-subheading{\nfont-size:15px;\n}\n<\/style>\n<div  class='av-special-heading av-egoga7-f27d6922766f15d8a987489ead1307cd av-special-heading-h3 meta-heading  avia-builder-el-1  el_before_av_textblock  avia-builder-el-first '><h3 class='av-special-heading-tag'  itemprop=\"headline\"  >Join the translators!<\/h3><div class=\"special-heading-border\"><div class=\"special-heading-inner-border\"><\/div><\/div><\/div><br \/>\n<section  class='av_textblock_section av-lryxltay-c294b8298aa9cf296d2ae85d9fc0f996 '   itemscope=\"itemscope\" itemtype=\"https:\/\/schema.org\/CreativeWork\" ><div class='avia_textblock'  itemprop=\"text\" ><p>Are you fluent in a language? Contact us and leave your details so we can work together!<\/p>\n<\/div><\/section><br \/>\n<div  class='hr av-3964r3-03e7d619faac4d4b2d28bd82926c6c3f hr-default  avia-builder-el-3  el_after_av_textblock  el_before_av_textblock '><span class='hr-inner '><span class=\"hr-inner-style\"><\/span><\/span><\/div><br \/>\n<section  class='av_textblock_section av-lrnzywl6-cbbbc4269950ce7e5b08bb19482eb625 '   itemscope=\"itemscope\" itemtype=\"https:\/\/schema.org\/CreativeWork\" ><div class='avia_textblock'  itemprop=\"text\" ><p>\n<div class=\"wpcf7 no-js\" id=\"wpcf7-f4429-o1\" lang=\"et\" dir=\"ltr\" data-wpcf7-id=\"4429\">\n<div class=\"screen-reader-response\"><p role=\"status\" aria-live=\"polite\" aria-atomic=\"true\"><\/p> <ul><\/ul><\/div>\n<form action=\"\/en\/wp-json\/wp\/v2\/pages\/4358#wpcf7-f4429-o1\" method=\"post\" class=\"wpcf7-form init\" aria-label=\"Contact form\" enctype=\"multipart\/form-data\" novalidate=\"novalidate\" data-status=\"init\">\n<fieldset class=\"hidden-fields-container\"><input type=\"hidden\" name=\"_wpcf7\" value=\"4429\" \/><input type=\"hidden\" name=\"_wpcf7_version\" value=\"6.1.5\" \/><input type=\"hidden\" name=\"_wpcf7_locale\" value=\"et\" \/><input type=\"hidden\" name=\"_wpcf7_unit_tag\" value=\"wpcf7-f4429-o1\" \/><input type=\"hidden\" name=\"_wpcf7_container_post\" value=\"0\" \/><input type=\"hidden\" name=\"_wpcf7_posted_data_hash\" value=\"\" \/>\n<\/fieldset>\n<p><label> Your name<br \/>\n<span class=\"wpcf7-form-control-wrap\" data-name=\"your-name\"><input size=\"40\" maxlength=\"400\" class=\"wpcf7-form-control wpcf7-text wpcf7-validates-as-required\" autocomplete=\"name\" aria-required=\"true\" aria-invalid=\"false\" value=\"\" type=\"text\" name=\"your-name\" \/><\/span> <\/label>\n<\/p>\n<p><label> Your e-mail<br \/>\n<span class=\"wpcf7-form-control-wrap\" data-name=\"your-email\"><input size=\"40\" maxlength=\"400\" class=\"wpcf7-form-control wpcf7-email wpcf7-validates-as-required wpcf7-text wpcf7-validates-as-email\" autocomplete=\"email\" aria-required=\"true\" aria-invalid=\"false\" value=\"\" type=\"email\" name=\"your-email\" \/><\/span> <\/label>\n<\/p>\n<p><label> Your phone number<br \/>\n<span class=\"wpcf7-form-control-wrap\" data-name=\"your-subject\"><input size=\"40\" maxlength=\"400\" class=\"wpcf7-form-control wpcf7-text wpcf7-validates-as-required\" aria-required=\"true\" aria-invalid=\"false\" value=\"\" type=\"text\" name=\"your-subject\" \/><\/span> <\/label>\n<\/p>\n<p><label> Education and translation experience acquired in years\/pages<br \/>\n<span class=\"wpcf7-form-control-wrap\" data-name=\"your-subject\"><input size=\"40\" maxlength=\"400\" class=\"wpcf7-form-control wpcf7-text wpcf7-validates-as-required\" aria-required=\"true\" aria-invalid=\"false\" value=\"\" type=\"text\" name=\"your-subject\" \/><\/span> <\/label>\n<\/p>\n<p><label> Which translation fields are you comfortable with?<\/label>\n<\/p>\n<p><span class=\"wpcf7-form-control-wrap\" data-name=\"checkbox-256\"><span class=\"wpcf7-form-control wpcf7-checkbox\"><span class=\"wpcf7-list-item first\"><label><input type=\"checkbox\" name=\"checkbox-256[]\" value=\"Estonian-English\" \/><span class=\"wpcf7-list-item-label\">Estonian-English<\/span><\/label><\/span><span class=\"wpcf7-list-item\"><label><input type=\"checkbox\" name=\"checkbox-256[]\" value=\"English-Estonian\" \/><span class=\"wpcf7-list-item-label\">English-Estonian<\/span><\/label><\/span><span class=\"wpcf7-list-item\"><label><input type=\"checkbox\" name=\"checkbox-256[]\" value=\"Estonian-Russian\" \/><span class=\"wpcf7-list-item-label\">Estonian-Russian<\/span><\/label><\/span><span class=\"wpcf7-list-item\"><label><input type=\"checkbox\" name=\"checkbox-256[]\" value=\"Russian-Estonian\" \/><span class=\"wpcf7-list-item-label\">Russian-Estonian<\/span><\/label><\/span><span class=\"wpcf7-list-item\"><label><input type=\"checkbox\" name=\"checkbox-256[]\" value=\"Estonian-Latvian\" \/><span class=\"wpcf7-list-item-label\">Estonian-Latvian<\/span><\/label><\/span><span class=\"wpcf7-list-item\"><label><input type=\"checkbox\" name=\"checkbox-256[]\" value=\"Latvian-Estonian\" \/><span class=\"wpcf7-list-item-label\">Latvian-Estonian<\/span><\/label><\/span><span class=\"wpcf7-list-item\"><label><input type=\"checkbox\" name=\"checkbox-256[]\" value=\"Russian-Italian\" \/><span class=\"wpcf7-list-item-label\">Russian-Italian<\/span><\/label><\/span><span class=\"wpcf7-list-item\"><label><input type=\"checkbox\" name=\"checkbox-256[]\" value=\"Italian-Russian\" \/><span class=\"wpcf7-list-item-label\">Italian-Russian<\/span><\/label><\/span><span class=\"wpcf7-list-item\"><label><input type=\"checkbox\" name=\"checkbox-256[]\" value=\"Estonian-Finnish\" \/><span class=\"wpcf7-list-item-label\">Estonian-Finnish<\/span><\/label><\/span><span class=\"wpcf7-list-item\"><label><input type=\"checkbox\" name=\"checkbox-256[]\" value=\"Finnish-Estonian\" \/><span class=\"wpcf7-list-item-label\">Finnish-Estonian<\/span><\/label><\/span><span class=\"wpcf7-list-item\"><label><input type=\"checkbox\" name=\"checkbox-256[]\" value=\"Estonian-French\" \/><span class=\"wpcf7-list-item-label\">Estonian-French<\/span><\/label><\/span><span class=\"wpcf7-list-item\"><label><input type=\"checkbox\" name=\"checkbox-256[]\" value=\"Estonian-French\" \/><span class=\"wpcf7-list-item-label\">Estonian-French<\/span><\/label><\/span><span class=\"wpcf7-list-item\"><label><input type=\"checkbox\" name=\"checkbox-256[]\" value=\"Estonian-English\" \/><span class=\"wpcf7-list-item-label\">Estonian-English<\/span><\/label><\/span><span class=\"wpcf7-list-item\"><label><input type=\"checkbox\" name=\"checkbox-256[]\" value=\"English-English\" \/><span class=\"wpcf7-list-item-label\">English-English<\/span><\/label><\/span><span class=\"wpcf7-list-item\"><label><input type=\"checkbox\" name=\"checkbox-256[]\" value=\"Estonian-Russian\" \/><span class=\"wpcf7-list-item-label\">Estonian-Russian<\/span><\/label><\/span><span class=\"wpcf7-list-item\"><label><input type=\"checkbox\" name=\"checkbox-256[]\" value=\"Russian-Russian\" \/><span class=\"wpcf7-list-item-label\">Russian-Russian<\/span><\/label><\/span><span class=\"wpcf7-list-item\"><label><input type=\"checkbox\" name=\"checkbox-256[]\" value=\"Estonian-Latvian\" \/><span class=\"wpcf7-list-item-label\">Estonian-Latvian<\/span><\/label><\/span><span class=\"wpcf7-list-item\"><label><input type=\"checkbox\" name=\"checkbox-256[]\" value=\"Latvian-Estonian\" \/><span class=\"wpcf7-list-item-label\">Latvian-Estonian<\/span><\/label><\/span><span class=\"wpcf7-list-item\"><label><input type=\"checkbox\" name=\"checkbox-256[]\" value=\"Russian-Italian\" \/><span class=\"wpcf7-list-item-label\">Russian-Italian<\/span><\/label><\/span><span class=\"wpcf7-list-item\"><label><input type=\"checkbox\" name=\"checkbox-256[]\" value=\"Italian-Russian Estonian\" \/><span class=\"wpcf7-list-item-label\">Italian-Russian Estonian<\/span><\/label><\/span><span class=\"wpcf7-list-item\"><label><input type=\"checkbox\" name=\"checkbox-256[]\" value=\"Ukrainian-Estonian\" \/><span class=\"wpcf7-list-item-label\">Ukrainian-Estonian<\/span><\/label><\/span><span class=\"wpcf7-list-item\"><label><input type=\"checkbox\" name=\"checkbox-256[]\" value=\"Ukrainian-Russian\" \/><span class=\"wpcf7-list-item-label\">Ukrainian-Russian<\/span><\/label><\/span><span class=\"wpcf7-list-item\"><label><input type=\"checkbox\" name=\"checkbox-256[]\" value=\"Ukrainian-Russian\" \/><span class=\"wpcf7-list-item-label\">Ukrainian-Russian<\/span><\/label><\/span><span class=\"wpcf7-list-item\"><label><input type=\"checkbox\" name=\"checkbox-256[]\" value=\"German-Estonian\" \/><span class=\"wpcf7-list-item-label\">German-Estonian<\/span><\/label><\/span><span class=\"wpcf7-list-item\"><label><input type=\"checkbox\" name=\"checkbox-256[]\" value=\"German-Russian\" \/><span class=\"wpcf7-list-item-label\">German-Russian<\/span><\/label><\/span><span class=\"wpcf7-list-item\"><label><input type=\"checkbox\" name=\"checkbox-256[]\" value=\"German-Russian\" \/><span class=\"wpcf7-list-item-label\">German-Russian<\/span><\/label><\/span><span class=\"wpcf7-list-item\"><label><input type=\"checkbox\" name=\"checkbox-256[]\" value=\"Spanish-Estonian\" \/><span class=\"wpcf7-list-item-label\">Spanish-Estonian<\/span><\/label><\/span><span class=\"wpcf7-list-item\"><label><input type=\"checkbox\" name=\"checkbox-256[]\" value=\"Estonian-Spanish\" \/><span class=\"wpcf7-list-item-label\">Estonian-Spanish<\/span><\/label><\/span><span class=\"wpcf7-list-item\"><label><input type=\"checkbox\" name=\"checkbox-256[]\" value=\"Portuguese-Spanish\" \/><span class=\"wpcf7-list-item-label\">Portuguese-Spanish<\/span><\/label><\/span><span class=\"wpcf7-list-item\"><label><input type=\"checkbox\" name=\"checkbox-256[]\" value=\"English-Spanish\" \/><span class=\"wpcf7-list-item-label\">English-Spanish<\/span><\/label><\/span><span class=\"wpcf7-list-item\"><label><input type=\"checkbox\" name=\"checkbox-256[]\" value=\"Portuguese-Estonian\" \/><span class=\"wpcf7-list-item-label\">Portuguese-Estonian<\/span><\/label><\/span><span class=\"wpcf7-list-item\"><label><input type=\"checkbox\" name=\"checkbox-256[]\" value=\"Danish-Estonian\" \/><span class=\"wpcf7-list-item-label\">Danish-Estonian<\/span><\/label><\/span><span class=\"wpcf7-list-item\"><label><input type=\"checkbox\" name=\"checkbox-256[]\" value=\"Estonian-Tanish\" \/><span class=\"wpcf7-list-item-label\">Estonian-Tanish<\/span><\/label><\/span><span class=\"wpcf7-list-item\"><label><input type=\"checkbox\" name=\"checkbox-256[]\" value=\"Italian-Estonian\" \/><span class=\"wpcf7-list-item-label\">Italian-Estonian<\/span><\/label><\/span><span class=\"wpcf7-list-item last\"><label><input type=\"checkbox\" name=\"checkbox-256[]\" value=\"other (specify)\" \/><span class=\"wpcf7-list-item-label\">other (specify)<\/span><\/label><\/span><\/span><\/span><br \/>\n<input type=\"hidden\" name=\"checkbox-selection\" value=\"\" \/>\n<\/p>\n<p><label> Additional information<br \/>\n<span class=\"wpcf7-form-control-wrap\" data-name=\"your-message\"><textarea cols=\"40\" rows=\"10\" maxlength=\"2000\" class=\"wpcf7-form-control wpcf7-textarea\" aria-invalid=\"false\" name=\"your-message\"><\/textarea><\/span> <\/label>\n<\/p>\n<p><label> Would you like to include a file for us?<br \/>\n<span class=\"wpcf7-form-control-wrap\" data-name=\"file-949\"><input size=\"40\" class=\"wpcf7-form-control wpcf7-file\" accept=\".doc,.pdf,.docx\" aria-invalid=\"false\" type=\"file\" name=\"file-949\" \/><\/span><br \/>\n<input class=\"wpcf7-form-control wpcf7-submit has-spinner\" type=\"submit\" value=\"send\" \/><\/label>\n<\/p><div class=\"wpcf7-response-output\" aria-hidden=\"true\"><\/div>\n<\/form>\n<\/div>\n&#8220;]<\/p>\n<\/div><\/section><\/p><\/div>\n<div  class='togglecontainer av-ls90lhbq-6c859e20272b52648fbca054b8d123ae  avia-builder-el-5  el_after_av_one_full  avia-builder-el-last  toggle_close_all' >\n<section class='av_toggle_section av-ls90lfow-c164f68bda0ad9679ca9b4e426abb5f6'  itemscope=\"itemscope\" itemtype=\"https:\/\/schema.org\/CreativeWork\" ><div role=\"tablist\" class=\"single_toggle\" data-tags=\"{All} \"  ><p data-fake-id='#toggle-id-1' class='toggler   '  itemprop=\"headline\"  role='tab' tabindex='0' aria-controls='toggle-id-1'>Payment for work<span class=\"toggle_icon\"><span class=\"vert_icon\"><\/span><span class=\"hor_icon\"><\/span><\/span><\/p><div id='toggle-id-1' class='toggle_wrap  '  ><div class='toggle_content invers-color '  itemprop=\"text\" ><div class=\"main_color container_wrap_first container_wrap fullsize\">\n<div class=\"container av-section-cont-open\">\n<p><main class=\"template-page content av-content-full alpha units\" role=\"main\"><\/p>\n<div class=\"post-entry post-entry-type-page post-entry-3775\">\n<div class=\"entry-content-wrapper clearfix\">\n<div class=\"flex_column av-4un3rz-2b5fef0649261079c0ec24e2546c6907 av_one_full avia-builder-el-0 avia-builder-el-no-sibling first flex_column_div \">\n<section class=\"av_textblock_section av-lrnzywl6-cbbbc4269950ce7e5b08bb19482eb625 \">\n<div class=\"avia_textblock\">\n<div id=\"wpcf7-f3777-p3775-o1\" class=\"wpcf7 js\" dir=\"ltr\" lang=\"et\">\n<form class=\"wpcf7-form init\" action=\"https:\/\/tolkeabi.ee\/liitu\/#wpcf7-f3777-p3775-o1\" enctype=\"multipart\/form-data\" method=\"post\" novalidate=\"novalidate\" aria-label=\"Contact form\" data-status=\"init\">As soon as we receive an order from a client, we will automatically contact suitable translators. We expect a prompt response from the translator, stating the cost and deadline of the work requested. For our part, we will provide an optimal offer price that could match the given work.<\/p>\n<p><label>Payment is subject to acceptance and approval of the work by the client. If necessary, corrections should be made to the text.<\/label><\/p>\n<p><label>Payment options:<\/label><\/p>\n<ul>\n<li><label>Entrepreneurial account (LHV), read more: <a href=\"https:\/\/www.emta.ee\/eraklient\/maksud-ja-tasumine\/maksustatavad-tulud\/ettevotluskonto\">here<\/a><\/label><\/li>\n<li><label>Invoice issued by an O\u00dc or a self-employed person<\/label><\/li>\n<\/ul>\n<\/form>\n<\/div>\n<\/div>\n<\/section>\n<\/div>\n<\/div>\n<\/div>\n<p><\/main><\/div>\n<\/div>\n<div id=\"footer-page\" class=\"footer-page-content footer_color\">\n<div id=\"av_section_1\" class=\"avia-section av-7pncxf-ec62d7d652e572b76b59764e53a892dd alternate_color avia-section-default avia-no-shadow avia-builder-el-0 el_before_av_section avia-builder-el-first avia-bg-style-scroll container_wrap fullsize\" data-section-bg-repeat=\"repeat\">\n<div class=\"container av-section-cont-open\">\n<p><main class=\"template-page content av-content-full alpha units\" role=\"main\"><\/p>\n<div class=\"post-entry post-entry-type-page post-entry-3775\">\n<div class=\"entry-content-wrapper clearfix\">\n<section class=\"av_textblock_section av-5658yr-4f72889779e0ff6978d63b1bd680c534 \">\n<div class=\"avia_textblock av_inherit_color\"><\/div>\n<\/section>\n<\/div>\n<\/div>\n<p><\/main><\/div>\n<\/div>\n<\/div>\n<\/div><\/div><\/div><\/section>\n<\/div>\n","protected":false},"excerpt":{"rendered":"","protected":false},"author":1,"featured_media":0,"parent":0,"menu_order":0,"comment_status":"closed","ping_status":"open","template":"","meta":{"footnotes":""},"class_list":["post-4358","page","type-page","status-publish","hentry"],"yoast_head":"<!-- This site is optimized with the Yoast SEO plugin v27.3 - https:\/\/yoast.com\/product\/yoast-seo-wordpress\/ -->\n<title>Become a translator - T&otilde;lkeabi<\/title>\n<meta name=\"description\" content=\"T\u00f5lkeabi, soodne t\u00f5lkimine, tekstiabi, t\u00f5lketeenus, teksti toimetamine, kujundatud failide t\u00f5lkimine, inglise-eesti, eesti-inglise, vene, \u043f\u0435\u0440\u0435\u0432\u043e\u0434\" \/>\n<meta name=\"robots\" content=\"index, follow, max-snippet:-1, max-image-preview:large, max-video-preview:-1\" \/>\n<link rel=\"canonical\" href=\"https:\/\/tolkeabi.ee\/en\/liitu\/\" \/>\n<meta property=\"og:locale\" content=\"en_US\" \/>\n<meta property=\"og:type\" content=\"article\" \/>\n<meta property=\"og:title\" content=\"Become a translator - T&otilde;lkeabi\" \/>\n<meta property=\"og:description\" content=\"T\u00f5lkeabi, soodne t\u00f5lkimine, tekstiabi, t\u00f5lketeenus, teksti toimetamine, kujundatud failide t\u00f5lkimine, inglise-eesti, eesti-inglise, vene, \u043f\u0435\u0440\u0435\u0432\u043e\u0434\" \/>\n<meta property=\"og:url\" content=\"https:\/\/tolkeabi.ee\/en\/liitu\/\" \/>\n<meta property=\"og:site_name\" content=\"T&otilde;lkeabi\" \/>\n<meta property=\"article:publisher\" content=\"https:\/\/www.facebook.com\/tolkeabi\" \/>\n<meta property=\"article:modified_time\" content=\"2024-04-01T07:47:51+00:00\" \/>\n<meta name=\"twitter:card\" content=\"summary_large_image\" \/>\n<meta name=\"twitter:site\" content=\"@TolkeAbi\" \/>\n<meta name=\"twitter:label1\" content=\"Est. reading time\" \/>\n\t<meta name=\"twitter:data1\" content=\"1 minute\" \/>\n<script type=\"application\/ld+json\" class=\"yoast-schema-graph\">{\"@context\":\"https:\\\/\\\/schema.org\",\"@graph\":[{\"@type\":\"WebPage\",\"@id\":\"https:\\\/\\\/tolkeabi.ee\\\/en\\\/liitu\\\/\",\"url\":\"https:\\\/\\\/tolkeabi.ee\\\/en\\\/liitu\\\/\",\"name\":\"Become a translator - T&otilde;lkeabi\",\"isPartOf\":{\"@id\":\"https:\\\/\\\/tolkeabi.ee\\\/en\\\/#website\"},\"datePublished\":\"2024-01-29T12:50:23+00:00\",\"dateModified\":\"2024-04-01T07:47:51+00:00\",\"description\":\"T\u00f5lkeabi, soodne t\u00f5lkimine, tekstiabi, t\u00f5lketeenus, teksti toimetamine, kujundatud failide t\u00f5lkimine, inglise-eesti, eesti-inglise, vene, \u043f\u0435\u0440\u0435\u0432\u043e\u0434\",\"breadcrumb\":{\"@id\":\"https:\\\/\\\/tolkeabi.ee\\\/en\\\/liitu\\\/#breadcrumb\"},\"inLanguage\":\"en-US\",\"potentialAction\":[{\"@type\":\"ReadAction\",\"target\":[\"https:\\\/\\\/tolkeabi.ee\\\/en\\\/liitu\\\/\"]}]},{\"@type\":\"BreadcrumbList\",\"@id\":\"https:\\\/\\\/tolkeabi.ee\\\/en\\\/liitu\\\/#breadcrumb\",\"itemListElement\":[{\"@type\":\"ListItem\",\"position\":1,\"name\":\"Home\",\"item\":\"https:\\\/\\\/tolkeabi.ee\\\/en\\\/avaleht\\\/\"},{\"@type\":\"ListItem\",\"position\":2,\"name\":\"Become a translator\"}]},{\"@type\":\"WebSite\",\"@id\":\"https:\\\/\\\/tolkeabi.ee\\\/en\\\/#website\",\"url\":\"https:\\\/\\\/tolkeabi.ee\\\/en\\\/\",\"name\":\"T\u00f5lkeabi\",\"description\":\"tekstiabi\",\"publisher\":{\"@id\":\"https:\\\/\\\/tolkeabi.ee\\\/en\\\/#organization\"},\"alternateName\":\"Tekstiabi\",\"potentialAction\":[{\"@type\":\"SearchAction\",\"target\":{\"@type\":\"EntryPoint\",\"urlTemplate\":\"https:\\\/\\\/tolkeabi.ee\\\/en\\\/?s={search_term_string}\"},\"query-input\":{\"@type\":\"PropertyValueSpecification\",\"valueRequired\":true,\"valueName\":\"search_term_string\"}}],\"inLanguage\":\"en-US\"},{\"@type\":\"Organization\",\"@id\":\"https:\\\/\\\/tolkeabi.ee\\\/en\\\/#organization\",\"name\":\"T\u00f5lkeabi\",\"alternateName\":\"Tekstiabi\",\"url\":\"https:\\\/\\\/tolkeabi.ee\\\/en\\\/\",\"logo\":{\"@type\":\"ImageObject\",\"inLanguage\":\"en-US\",\"@id\":\"https:\\\/\\\/tolkeabi.ee\\\/en\\\/#\\\/schema\\\/logo\\\/image\\\/\",\"url\":\"https:\\\/\\\/tolkeabi.ee\\\/wp-content\\\/uploads\\\/2024\\\/02\\\/tolkeabi_600x600.jpg\",\"contentUrl\":\"https:\\\/\\\/tolkeabi.ee\\\/wp-content\\\/uploads\\\/2024\\\/02\\\/tolkeabi_600x600.jpg\",\"width\":600,\"height\":600,\"caption\":\"T\u00f5lkeabi\"},\"image\":{\"@id\":\"https:\\\/\\\/tolkeabi.ee\\\/en\\\/#\\\/schema\\\/logo\\\/image\\\/\"},\"sameAs\":[\"https:\\\/\\\/www.facebook.com\\\/tolkeabi\",\"https:\\\/\\\/x.com\\\/TolkeAbi\"]}]}<\/script>\n<!-- \/ Yoast SEO plugin. -->","yoast_head_json":{"title":"Become a translator - T&otilde;lkeabi","description":"T\u00f5lkeabi, soodne t\u00f5lkimine, tekstiabi, t\u00f5lketeenus, teksti toimetamine, kujundatud failide t\u00f5lkimine, inglise-eesti, eesti-inglise, vene, \u043f\u0435\u0440\u0435\u0432\u043e\u0434","robots":{"index":"index","follow":"follow","max-snippet":"max-snippet:-1","max-image-preview":"max-image-preview:large","max-video-preview":"max-video-preview:-1"},"canonical":"https:\/\/tolkeabi.ee\/en\/liitu\/","og_locale":"en_US","og_type":"article","og_title":"Become a translator - T&otilde;lkeabi","og_description":"T\u00f5lkeabi, soodne t\u00f5lkimine, tekstiabi, t\u00f5lketeenus, teksti toimetamine, kujundatud failide t\u00f5lkimine, inglise-eesti, eesti-inglise, vene, \u043f\u0435\u0440\u0435\u0432\u043e\u0434","og_url":"https:\/\/tolkeabi.ee\/en\/liitu\/","og_site_name":"T&otilde;lkeabi","article_publisher":"https:\/\/www.facebook.com\/tolkeabi","article_modified_time":"2024-04-01T07:47:51+00:00","twitter_card":"summary_large_image","twitter_site":"@TolkeAbi","twitter_misc":{"Est. reading time":"1 minute"},"schema":{"@context":"https:\/\/schema.org","@graph":[{"@type":"WebPage","@id":"https:\/\/tolkeabi.ee\/en\/liitu\/","url":"https:\/\/tolkeabi.ee\/en\/liitu\/","name":"Become a translator - T&otilde;lkeabi","isPartOf":{"@id":"https:\/\/tolkeabi.ee\/en\/#website"},"datePublished":"2024-01-29T12:50:23+00:00","dateModified":"2024-04-01T07:47:51+00:00","description":"T\u00f5lkeabi, soodne t\u00f5lkimine, tekstiabi, t\u00f5lketeenus, teksti toimetamine, kujundatud failide t\u00f5lkimine, inglise-eesti, eesti-inglise, vene, \u043f\u0435\u0440\u0435\u0432\u043e\u0434","breadcrumb":{"@id":"https:\/\/tolkeabi.ee\/en\/liitu\/#breadcrumb"},"inLanguage":"en-US","potentialAction":[{"@type":"ReadAction","target":["https:\/\/tolkeabi.ee\/en\/liitu\/"]}]},{"@type":"BreadcrumbList","@id":"https:\/\/tolkeabi.ee\/en\/liitu\/#breadcrumb","itemListElement":[{"@type":"ListItem","position":1,"name":"Home","item":"https:\/\/tolkeabi.ee\/en\/avaleht\/"},{"@type":"ListItem","position":2,"name":"Become a translator"}]},{"@type":"WebSite","@id":"https:\/\/tolkeabi.ee\/en\/#website","url":"https:\/\/tolkeabi.ee\/en\/","name":"T\u00f5lkeabi","description":"tekstiabi","publisher":{"@id":"https:\/\/tolkeabi.ee\/en\/#organization"},"alternateName":"Tekstiabi","potentialAction":[{"@type":"SearchAction","target":{"@type":"EntryPoint","urlTemplate":"https:\/\/tolkeabi.ee\/en\/?s={search_term_string}"},"query-input":{"@type":"PropertyValueSpecification","valueRequired":true,"valueName":"search_term_string"}}],"inLanguage":"en-US"},{"@type":"Organization","@id":"https:\/\/tolkeabi.ee\/en\/#organization","name":"T\u00f5lkeabi","alternateName":"Tekstiabi","url":"https:\/\/tolkeabi.ee\/en\/","logo":{"@type":"ImageObject","inLanguage":"en-US","@id":"https:\/\/tolkeabi.ee\/en\/#\/schema\/logo\/image\/","url":"https:\/\/tolkeabi.ee\/wp-content\/uploads\/2024\/02\/tolkeabi_600x600.jpg","contentUrl":"https:\/\/tolkeabi.ee\/wp-content\/uploads\/2024\/02\/tolkeabi_600x600.jpg","width":600,"height":600,"caption":"T\u00f5lkeabi"},"image":{"@id":"https:\/\/tolkeabi.ee\/en\/#\/schema\/logo\/image\/"},"sameAs":["https:\/\/www.facebook.com\/tolkeabi","https:\/\/x.com\/TolkeAbi"]}]}},"_links":{"self":[{"href":"https:\/\/tolkeabi.ee\/en\/wp-json\/wp\/v2\/pages\/4358","targetHints":{"allow":["GET"]}}],"collection":[{"href":"https:\/\/tolkeabi.ee\/en\/wp-json\/wp\/v2\/pages"}],"about":[{"href":"https:\/\/tolkeabi.ee\/en\/wp-json\/wp\/v2\/types\/page"}],"author":[{"embeddable":true,"href":"https:\/\/tolkeabi.ee\/en\/wp-json\/wp\/v2\/users\/1"}],"replies":[{"embeddable":true,"href":"https:\/\/tolkeabi.ee\/en\/wp-json\/wp\/v2\/comments?post=4358"}],"version-history":[{"count":7,"href":"https:\/\/tolkeabi.ee\/en\/wp-json\/wp\/v2\/pages\/4358\/revisions"}],"predecessor-version":[{"id":4432,"href":"https:\/\/tolkeabi.ee\/en\/wp-json\/wp\/v2\/pages\/4358\/revisions\/4432"}],"wp:attachment":[{"href":"https:\/\/tolkeabi.ee\/en\/wp-json\/wp\/v2\/media?parent=4358"}],"curies":[{"name":"wp","href":"https:\/\/api.w.org\/{rel}","templated":true}]}}