{"id":4530,"date":"2024-01-16T21:31:01","date_gmt":"2024-01-16T19:31:01","guid":{"rendered":"https:\/\/tolkeabi.ee\/?page_id=4530"},"modified":"2024-04-01T17:07:47","modified_gmt":"2024-04-01T14:07:47","slug":"keeletoimetus","status":"publish","type":"page","link":"https:\/\/tolkeabi.ee\/en\/keeletoimetus\/","title":{"rendered":"Linguistic assistance"},"content":{"rendered":"<table class=\"table table-sm table-bordered table-hover\">\n<thead class=\"thead-light\">\n<tr>\n<th scope=\"col\" width=\"30%\"><strong>PROCESS<\/strong><\/th>\n<th scope=\"col\" width=\"70%\">COMMENTS<\/th>\n<\/tr>\n<\/thead>\n<tbody>\n<tr>\n<td><strong>Compiling an enquiry<\/strong><\/td>\n<td>\n<ul>\n<li>It shouldn\u2019t take more than a minute to complete your query.<\/li>\n<li>The query is sent directly to professional translators. The competence of all translators is checked.<\/li>\n<\/ul>\n<\/td>\n<\/tr>\n<tr>\n<td><strong>Receiving quotes<\/strong><\/td>\n<td>\n<ul>\n<li>Suitable translators will be automatically notified of a new request by email.<\/li>\n<li>For the most common languages, translators start sending quotes within 5-20 minutes, regardless of the time of day or day of the week.<\/li>\n<li>The price quoted in the offer is the final price, no additional charges will be added.<\/li>\n<\/ul>\n<\/td>\n<\/tr>\n<tr>\n<td><strong>Placing an order with the selected translator<\/strong><\/td>\n<td>\n<ul>\n<li>In order for the order to be processed, the customer must pay the invoice provided by us.<\/li>\n<li>It is possible to pay for your subscription via online banking and payment gateway.<\/li>\n<\/ul>\n<\/td>\n<\/tr>\n<tr>\n<td><strong>Accepting a job<\/strong><\/td>\n<td>\n<ul>\n<li>When the work is ready, the client will be notified by email.<\/li>\n<li>The client has the option of accepting the work or sending it for correction.<\/li>\n<\/ul>\n<\/td>\n<\/tr>\n<\/tbody>\n<\/table>\n<p>Background checked<\/p>\n<p><img decoding=\"async\" class=\"img-fluid\" src=\"https:\/\/www.lillemaa.com\/tlk\/wp-content\/themes\/exertio\/images\/check-box.png\" alt=\"\" \/>\u00a0A definite deadline<\/p>\n<p><img decoding=\"async\" class=\"img-fluid\" src=\"https:\/\/www.lillemaa.com\/tlk\/wp-content\/themes\/exertio\/images\/check-box.png\" alt=\"\" \/>\u00a0Fixed price<\/p>\n<p><img decoding=\"async\" class=\"img-fluid\" src=\"https:\/\/www.lillemaa.com\/tlk\/wp-content\/themes\/exertio\/images\/check-box.png\" alt=\"\" \/>\u00a0Secure<\/p>\n<p>&nbsp;<\/p>\n","protected":false},"excerpt":{"rendered":"<p>PROCESS COMMENTS Compiling an enquiry It shouldn\u2019t take more than a minute to complete your query. The query is sent directly to professional translators. The competence of all translators is checked. Receiving quotes Suitable translators will be automatically notified of a new request by email. For the most common languages, translators start sending quotes within [&hellip;]<\/p>\n","protected":false},"author":2,"featured_media":0,"parent":0,"menu_order":0,"comment_status":"closed","ping_status":"open","template":"","meta":{"footnotes":""},"class_list":["post-4530","page","type-page","status-publish","hentry"],"yoast_head":"<!-- This site is optimized with the Yoast SEO plugin v27.3 - https:\/\/yoast.com\/product\/yoast-seo-wordpress\/ -->\n<title>Linguistic assistance - T&otilde;lkeabi<\/title>\n<meta name=\"description\" content=\"T\u00f5lkeabi, soodne t\u00f5lkimine, tekstiabi, t\u00f5lketeenus, teksti toimetamine, kujundatud failide t\u00f5lkimine, inglise-eesti, eesti-inglise, vene, \u043f\u0435\u0440\u0435\u0432\u043e\u0434\" \/>\n<meta name=\"robots\" content=\"index, follow, max-snippet:-1, max-image-preview:large, max-video-preview:-1\" \/>\n<link rel=\"canonical\" href=\"https:\/\/tolkeabi.ee\/en\/keeletoimetus\/\" \/>\n<meta property=\"og:locale\" content=\"en_US\" \/>\n<meta property=\"og:type\" content=\"article\" \/>\n<meta property=\"og:title\" content=\"Linguistic assistance - T&otilde;lkeabi\" \/>\n<meta property=\"og:description\" content=\"T\u00f5lkeabi, soodne t\u00f5lkimine, tekstiabi, t\u00f5lketeenus, teksti toimetamine, kujundatud failide t\u00f5lkimine, inglise-eesti, eesti-inglise, vene, \u043f\u0435\u0440\u0435\u0432\u043e\u0434\" \/>\n<meta property=\"og:url\" content=\"https:\/\/tolkeabi.ee\/en\/keeletoimetus\/\" \/>\n<meta property=\"og:site_name\" content=\"T&otilde;lkeabi\" \/>\n<meta property=\"article:publisher\" content=\"https:\/\/www.facebook.com\/tolkeabi\" \/>\n<meta property=\"article:modified_time\" content=\"2024-04-01T14:07:47+00:00\" \/>\n<meta property=\"og:image\" content=\"https:\/\/www.lillemaa.com\/tlk\/wp-content\/themes\/exertio\/images\/check-box.png\" \/>\n<meta name=\"twitter:card\" content=\"summary_large_image\" \/>\n<meta name=\"twitter:site\" content=\"@TolkeAbi\" \/>\n<meta name=\"twitter:label1\" content=\"Est. reading time\" \/>\n\t<meta name=\"twitter:data1\" content=\"2 minutes\" \/>\n<script type=\"application\/ld+json\" class=\"yoast-schema-graph\">{\"@context\":\"https:\\\/\\\/schema.org\",\"@graph\":[{\"@type\":\"WebPage\",\"@id\":\"https:\\\/\\\/tolkeabi.ee\\\/en\\\/keeletoimetus\\\/\",\"url\":\"https:\\\/\\\/tolkeabi.ee\\\/en\\\/keeletoimetus\\\/\",\"name\":\"Linguistic assistance - T&otilde;lkeabi\",\"isPartOf\":{\"@id\":\"https:\\\/\\\/tolkeabi.ee\\\/en\\\/#website\"},\"primaryImageOfPage\":{\"@id\":\"https:\\\/\\\/tolkeabi.ee\\\/en\\\/keeletoimetus\\\/#primaryimage\"},\"image\":{\"@id\":\"https:\\\/\\\/tolkeabi.ee\\\/en\\\/keeletoimetus\\\/#primaryimage\"},\"thumbnailUrl\":\"https:\\\/\\\/www.lillemaa.com\\\/tlk\\\/wp-content\\\/themes\\\/exertio\\\/images\\\/check-box.png\",\"datePublished\":\"2024-01-16T19:31:01+00:00\",\"dateModified\":\"2024-04-01T14:07:47+00:00\",\"description\":\"T\u00f5lkeabi, soodne t\u00f5lkimine, tekstiabi, t\u00f5lketeenus, teksti toimetamine, kujundatud failide t\u00f5lkimine, inglise-eesti, eesti-inglise, vene, \u043f\u0435\u0440\u0435\u0432\u043e\u0434\",\"breadcrumb\":{\"@id\":\"https:\\\/\\\/tolkeabi.ee\\\/en\\\/keeletoimetus\\\/#breadcrumb\"},\"inLanguage\":\"en-US\",\"potentialAction\":[{\"@type\":\"ReadAction\",\"target\":[\"https:\\\/\\\/tolkeabi.ee\\\/en\\\/keeletoimetus\\\/\"]}]},{\"@type\":\"ImageObject\",\"inLanguage\":\"en-US\",\"@id\":\"https:\\\/\\\/tolkeabi.ee\\\/en\\\/keeletoimetus\\\/#primaryimage\",\"url\":\"https:\\\/\\\/www.lillemaa.com\\\/tlk\\\/wp-content\\\/themes\\\/exertio\\\/images\\\/check-box.png\",\"contentUrl\":\"https:\\\/\\\/www.lillemaa.com\\\/tlk\\\/wp-content\\\/themes\\\/exertio\\\/images\\\/check-box.png\"},{\"@type\":\"BreadcrumbList\",\"@id\":\"https:\\\/\\\/tolkeabi.ee\\\/en\\\/keeletoimetus\\\/#breadcrumb\",\"itemListElement\":[{\"@type\":\"ListItem\",\"position\":1,\"name\":\"Home\",\"item\":\"https:\\\/\\\/tolkeabi.ee\\\/en\\\/avaleht\\\/\"},{\"@type\":\"ListItem\",\"position\":2,\"name\":\"Linguistic assistance\"}]},{\"@type\":\"WebSite\",\"@id\":\"https:\\\/\\\/tolkeabi.ee\\\/en\\\/#website\",\"url\":\"https:\\\/\\\/tolkeabi.ee\\\/en\\\/\",\"name\":\"T\u00f5lkeabi\",\"description\":\"tekstiabi\",\"publisher\":{\"@id\":\"https:\\\/\\\/tolkeabi.ee\\\/en\\\/#organization\"},\"alternateName\":\"Tekstiabi\",\"potentialAction\":[{\"@type\":\"SearchAction\",\"target\":{\"@type\":\"EntryPoint\",\"urlTemplate\":\"https:\\\/\\\/tolkeabi.ee\\\/en\\\/?s={search_term_string}\"},\"query-input\":{\"@type\":\"PropertyValueSpecification\",\"valueRequired\":true,\"valueName\":\"search_term_string\"}}],\"inLanguage\":\"en-US\"},{\"@type\":\"Organization\",\"@id\":\"https:\\\/\\\/tolkeabi.ee\\\/en\\\/#organization\",\"name\":\"T\u00f5lkeabi\",\"alternateName\":\"Tekstiabi\",\"url\":\"https:\\\/\\\/tolkeabi.ee\\\/en\\\/\",\"logo\":{\"@type\":\"ImageObject\",\"inLanguage\":\"en-US\",\"@id\":\"https:\\\/\\\/tolkeabi.ee\\\/en\\\/#\\\/schema\\\/logo\\\/image\\\/\",\"url\":\"https:\\\/\\\/tolkeabi.ee\\\/wp-content\\\/uploads\\\/2024\\\/02\\\/tolkeabi_600x600.jpg\",\"contentUrl\":\"https:\\\/\\\/tolkeabi.ee\\\/wp-content\\\/uploads\\\/2024\\\/02\\\/tolkeabi_600x600.jpg\",\"width\":600,\"height\":600,\"caption\":\"T\u00f5lkeabi\"},\"image\":{\"@id\":\"https:\\\/\\\/tolkeabi.ee\\\/en\\\/#\\\/schema\\\/logo\\\/image\\\/\"},\"sameAs\":[\"https:\\\/\\\/www.facebook.com\\\/tolkeabi\",\"https:\\\/\\\/x.com\\\/TolkeAbi\"]}]}<\/script>\n<!-- \/ Yoast SEO plugin. -->","yoast_head_json":{"title":"Linguistic assistance - T&otilde;lkeabi","description":"T\u00f5lkeabi, soodne t\u00f5lkimine, tekstiabi, t\u00f5lketeenus, teksti toimetamine, kujundatud failide t\u00f5lkimine, inglise-eesti, eesti-inglise, vene, \u043f\u0435\u0440\u0435\u0432\u043e\u0434","robots":{"index":"index","follow":"follow","max-snippet":"max-snippet:-1","max-image-preview":"max-image-preview:large","max-video-preview":"max-video-preview:-1"},"canonical":"https:\/\/tolkeabi.ee\/en\/keeletoimetus\/","og_locale":"en_US","og_type":"article","og_title":"Linguistic assistance - T&otilde;lkeabi","og_description":"T\u00f5lkeabi, soodne t\u00f5lkimine, tekstiabi, t\u00f5lketeenus, teksti toimetamine, kujundatud failide t\u00f5lkimine, inglise-eesti, eesti-inglise, vene, \u043f\u0435\u0440\u0435\u0432\u043e\u0434","og_url":"https:\/\/tolkeabi.ee\/en\/keeletoimetus\/","og_site_name":"T&otilde;lkeabi","article_publisher":"https:\/\/www.facebook.com\/tolkeabi","article_modified_time":"2024-04-01T14:07:47+00:00","og_image":[{"url":"https:\/\/www.lillemaa.com\/tlk\/wp-content\/themes\/exertio\/images\/check-box.png","type":"","width":"","height":""}],"twitter_card":"summary_large_image","twitter_site":"@TolkeAbi","twitter_misc":{"Est. reading time":"2 minutes"},"schema":{"@context":"https:\/\/schema.org","@graph":[{"@type":"WebPage","@id":"https:\/\/tolkeabi.ee\/en\/keeletoimetus\/","url":"https:\/\/tolkeabi.ee\/en\/keeletoimetus\/","name":"Linguistic assistance - T&otilde;lkeabi","isPartOf":{"@id":"https:\/\/tolkeabi.ee\/en\/#website"},"primaryImageOfPage":{"@id":"https:\/\/tolkeabi.ee\/en\/keeletoimetus\/#primaryimage"},"image":{"@id":"https:\/\/tolkeabi.ee\/en\/keeletoimetus\/#primaryimage"},"thumbnailUrl":"https:\/\/www.lillemaa.com\/tlk\/wp-content\/themes\/exertio\/images\/check-box.png","datePublished":"2024-01-16T19:31:01+00:00","dateModified":"2024-04-01T14:07:47+00:00","description":"T\u00f5lkeabi, soodne t\u00f5lkimine, tekstiabi, t\u00f5lketeenus, teksti toimetamine, kujundatud failide t\u00f5lkimine, inglise-eesti, eesti-inglise, vene, \u043f\u0435\u0440\u0435\u0432\u043e\u0434","breadcrumb":{"@id":"https:\/\/tolkeabi.ee\/en\/keeletoimetus\/#breadcrumb"},"inLanguage":"en-US","potentialAction":[{"@type":"ReadAction","target":["https:\/\/tolkeabi.ee\/en\/keeletoimetus\/"]}]},{"@type":"ImageObject","inLanguage":"en-US","@id":"https:\/\/tolkeabi.ee\/en\/keeletoimetus\/#primaryimage","url":"https:\/\/www.lillemaa.com\/tlk\/wp-content\/themes\/exertio\/images\/check-box.png","contentUrl":"https:\/\/www.lillemaa.com\/tlk\/wp-content\/themes\/exertio\/images\/check-box.png"},{"@type":"BreadcrumbList","@id":"https:\/\/tolkeabi.ee\/en\/keeletoimetus\/#breadcrumb","itemListElement":[{"@type":"ListItem","position":1,"name":"Home","item":"https:\/\/tolkeabi.ee\/en\/avaleht\/"},{"@type":"ListItem","position":2,"name":"Linguistic assistance"}]},{"@type":"WebSite","@id":"https:\/\/tolkeabi.ee\/en\/#website","url":"https:\/\/tolkeabi.ee\/en\/","name":"T\u00f5lkeabi","description":"tekstiabi","publisher":{"@id":"https:\/\/tolkeabi.ee\/en\/#organization"},"alternateName":"Tekstiabi","potentialAction":[{"@type":"SearchAction","target":{"@type":"EntryPoint","urlTemplate":"https:\/\/tolkeabi.ee\/en\/?s={search_term_string}"},"query-input":{"@type":"PropertyValueSpecification","valueRequired":true,"valueName":"search_term_string"}}],"inLanguage":"en-US"},{"@type":"Organization","@id":"https:\/\/tolkeabi.ee\/en\/#organization","name":"T\u00f5lkeabi","alternateName":"Tekstiabi","url":"https:\/\/tolkeabi.ee\/en\/","logo":{"@type":"ImageObject","inLanguage":"en-US","@id":"https:\/\/tolkeabi.ee\/en\/#\/schema\/logo\/image\/","url":"https:\/\/tolkeabi.ee\/wp-content\/uploads\/2024\/02\/tolkeabi_600x600.jpg","contentUrl":"https:\/\/tolkeabi.ee\/wp-content\/uploads\/2024\/02\/tolkeabi_600x600.jpg","width":600,"height":600,"caption":"T\u00f5lkeabi"},"image":{"@id":"https:\/\/tolkeabi.ee\/en\/#\/schema\/logo\/image\/"},"sameAs":["https:\/\/www.facebook.com\/tolkeabi","https:\/\/x.com\/TolkeAbi"]}]}},"_links":{"self":[{"href":"https:\/\/tolkeabi.ee\/en\/wp-json\/wp\/v2\/pages\/4530","targetHints":{"allow":["GET"]}}],"collection":[{"href":"https:\/\/tolkeabi.ee\/en\/wp-json\/wp\/v2\/pages"}],"about":[{"href":"https:\/\/tolkeabi.ee\/en\/wp-json\/wp\/v2\/types\/page"}],"author":[{"embeddable":true,"href":"https:\/\/tolkeabi.ee\/en\/wp-json\/wp\/v2\/users\/2"}],"replies":[{"embeddable":true,"href":"https:\/\/tolkeabi.ee\/en\/wp-json\/wp\/v2\/comments?post=4530"}],"version-history":[{"count":5,"href":"https:\/\/tolkeabi.ee\/en\/wp-json\/wp\/v2\/pages\/4530\/revisions"}],"predecessor-version":[{"id":4542,"href":"https:\/\/tolkeabi.ee\/en\/wp-json\/wp\/v2\/pages\/4530\/revisions\/4542"}],"wp:attachment":[{"href":"https:\/\/tolkeabi.ee\/en\/wp-json\/wp\/v2\/media?parent=4530"}],"curies":[{"name":"wp","href":"https:\/\/api.w.org\/{rel}","templated":true}]}}