{"id":4454,"date":"2024-01-16T21:29:55","date_gmt":"2024-01-16T19:29:55","guid":{"rendered":"https:\/\/tolkeabi.ee\/?page_id=4454"},"modified":"2024-04-01T15:21:29","modified_gmt":"2024-04-01T12:21:29","slug":"tolkimine","status":"publish","type":"page","link":"https:\/\/tolkeabi.ee\/fi\/tolkimine\/","title":{"rendered":"K\u00e4\u00e4nn\u00f6s osoitteesta"},"content":{"rendered":"<div id='av_section_1'  class='avia-section av-2hp8mf-0d7b90e5068e4e8b4aa41449faf60c83 main_color avia-section-default avia-no-border-styling  avia-builder-el-0  avia-builder-el-no-sibling  avia-bg-style-scroll container_wrap sidebar_right'  ><div class='container av-section-cont-open' ><main  role=\"main\" itemprop=\"mainContentOfPage\"  class='template-page content  av-content-small alpha units'><div class='post-entry post-entry-type-page post-entry-4454'><div class='entry-content-wrapper clearfix'>\n\n<style type=\"text\/css\" data-created_by=\"avia_inline_auto\" id=\"style-css-av-ls92gbqd-ff9960446d056918e6cff4ace567c5f0\">\n#top .hr.hr-invisible.av-ls92gbqd-ff9960446d056918e6cff4ace567c5f0{\nheight:50px;\n}\n<\/style>\n<div  class='hr av-ls92gbqd-ff9960446d056918e6cff4ace567c5f0 hr-invisible  avia-builder-el-1  el_before_av_heading  avia-builder-el-first  av-small-hide av-mini-hide'><span class='hr-inner '><span class=\"hr-inner-style\"><\/span><\/span><\/div>\n\n<style type=\"text\/css\" data-created_by=\"avia_inline_auto\" id=\"style-css-av-ls92ey8m-9407e4d73245ec692e32aa7c2ed67bdf\">\n#top .av-special-heading.av-ls92ey8m-9407e4d73245ec692e32aa7c2ed67bdf{\npadding-bottom:10px;\n}\nbody .av-special-heading.av-ls92ey8m-9407e4d73245ec692e32aa7c2ed67bdf .av-special-heading-tag .heading-char{\nfont-size:25px;\n}\n.av-special-heading.av-ls92ey8m-9407e4d73245ec692e32aa7c2ed67bdf .av-subheading{\nfont-size:15px;\n}\n<\/style>\n<div  class='av-special-heading av-ls92ey8m-9407e4d73245ec692e32aa7c2ed67bdf av-special-heading-h2  avia-builder-el-2  el_after_av_hr  el_before_av_two_third '><h2 class='av-special-heading-tag'  itemprop=\"headline\"  >K\u00e4\u00e4nn\u00f6s osoitteesta<\/h2><div class=\"special-heading-border\"><div class=\"special-heading-inner-border\"><\/div><\/div><\/div>\n<div  class='flex_column av-334uef-5f29b318a9a984f5f65050e7dd40f17e av_two_third  avia-builder-el-3  el_after_av_heading  el_before_av_one_third  first flex_column_div  '     ><section  class='av_textblock_section av-ls92dwgp-b7bf7650e6f7024dea144bd6db5d61f8 '   itemscope=\"itemscope\" itemtype=\"https:\/\/schema.org\/CreativeWork\" ><div class='avia_textblock'  itemprop=\"text\" ><table class=\"table table-sm table-bordered table-hover\">\n<thead class=\"thead-light\">\n<tr>\n<th scope=\"col\" width=\"30%\"><strong>Prosessi<\/strong><\/th>\n<th scope=\"col\" width=\"70%\">Kommentit<\/th>\n<\/tr>\n<\/thead>\n<tbody>\n<tr>\n<td><strong>Kyselyn kokoaminen<\/strong><\/td>\n<td>\n<ul>\n<li>Kyselyn t\u00e4ytt\u00e4miseen ei pit\u00e4isi kulua enemp\u00e4\u00e4 kuin minuutti.<\/li>\n<li>Kysely l\u00e4hetet\u00e4\u00e4n suoraan ammattimaisille k\u00e4\u00e4nt\u00e4jille. Kaikkien k\u00e4\u00e4nt\u00e4jien p\u00e4tevyys tarkistetaan.<\/li>\n<\/ul>\n<\/td>\n<\/tr>\n<tr>\n<td><strong>Tarjousten saaminen<\/strong><\/td>\n<td>\n<ul>\n<li>Sopiville k\u00e4\u00e4nt\u00e4jille ilmoitetaan uudesta pyynn\u00f6st\u00e4 automaattisesti s\u00e4hk\u00f6postitse.<\/li>\n<li>Yleisimpien kielten osalta k\u00e4\u00e4nt\u00e4j\u00e4t alkavat l\u00e4hett\u00e4\u00e4 tarjouksia 5-20 minuutissa vuorokaudenajasta tai viikonp\u00e4iv\u00e4st\u00e4 riippumatta.<\/li>\n<li>Tarjouksessa mainittu hinta on lopullinen hinta, eik\u00e4 siihen lis\u00e4t\u00e4 lis\u00e4maksuja.<\/li>\n<\/ul>\n<\/td>\n<\/tr>\n<tr>\n<td><strong>Tilauksen tekeminen valitulle k\u00e4\u00e4nt\u00e4j\u00e4lle<\/strong><\/td>\n<td>\n<ul>\n<li>Tilauksen tekeminen edellytt\u00e4\u00e4, ett\u00e4 asiakas maksaa toimittamamme laskun.<\/li>\n<li>Tilauksen voi maksaa verkkopankin ja maksuportin kautta.<\/li>\n<\/ul>\n<\/td>\n<\/tr>\n<tr>\n<td><strong>Ty\u00f6n vastaanottaminen<\/strong><\/td>\n<td>\n<ul>\n<li>Kun k\u00e4\u00e4nn\u00f6s on valmis, asiakkaalle ilmoitetaan siit\u00e4 s\u00e4hk\u00f6postitse.<\/li>\n<li>Asiakkaalla on mahdollisuus hyv\u00e4ksy\u00e4 ty\u00f6 tai l\u00e4hett\u00e4\u00e4 se korjattavaksi.<\/li>\n<\/ul>\n<\/td>\n<\/tr>\n<\/tbody>\n<\/table>\n<\/div><\/section><\/div><div  class='flex_column av-1iqejj-9d9ee5b5e3a752b7773cd04cb63d7985 av_one_third  avia-builder-el-5  el_after_av_two_third  avia-builder-el-last  flex_column_div  '     ><section  class='av_textblock_section av-ls92e48d-761442ce7f31162a22051e208d5d541d '   itemscope=\"itemscope\" itemtype=\"https:\/\/schema.org\/CreativeWork\" ><div class='avia_textblock'  itemprop=\"text\" ><p><img decoding=\"async\" class=\"img-fluid\" src=\"https:\/\/www.lillemaa.com\/tlk\/wp-content\/themes\/exertio\/images\/check-box.png\" alt=\"\"> Kontrollitud taust<\/p>\n<p><img decoding=\"async\" class=\"img-fluid\" src=\"https:\/\/www.lillemaa.com\/tlk\/wp-content\/themes\/exertio\/images\/check-box.png\" alt=\"\"> Kindel l\u00f5ppt\u00e4htaeg<\/p>\n<p><img decoding=\"async\" class=\"img-fluid\" src=\"https:\/\/www.lillemaa.com\/tlk\/wp-content\/themes\/exertio\/images\/check-box.png\" alt=\"\"> Kindel hind<\/p>\n<p><img decoding=\"async\" class=\"img-fluid\" src=\"https:\/\/www.lillemaa.com\/tlk\/wp-content\/themes\/exertio\/images\/check-box.png\" alt=\"\"> Turvallinen<\/p>\n<\/div><\/section><\/div><\/div><\/div><\/main><!-- close content main element --><\/div><\/div><div id='after_section_1'  class='main_color av_default_container_wrap container_wrap sidebar_right'  ><div class='container av-section-cont-open' ><div class='template-page content  av-content-small alpha units'><div class='post-entry post-entry-type-page post-entry-4454'><div class='entry-content-wrapper clearfix'>\n","protected":false},"excerpt":{"rendered":"","protected":false},"author":1,"featured_media":0,"parent":0,"menu_order":0,"comment_status":"closed","ping_status":"open","template":"","meta":{"footnotes":""},"class_list":["post-4454","page","type-page","status-publish","hentry"],"yoast_head":"<!-- This site is optimized with the Yoast SEO plugin v27.3 - https:\/\/yoast.com\/product\/yoast-seo-wordpress\/ -->\n<title>K\u00e4\u00e4nn\u00f6s osoitteesta - T&otilde;lkeabi<\/title>\n<meta name=\"description\" content=\"T\u00f5lkeabi, soodne t\u00f5lkimine, tekstiabi, t\u00f5lketeenus, teksti toimetamine, kujundatud failide t\u00f5lkimine, inglise-eesti, eesti-inglise, vene, \u043f\u0435\u0440\u0435\u0432\u043e\u0434\" \/>\n<meta name=\"robots\" content=\"index, follow, max-snippet:-1, max-image-preview:large, max-video-preview:-1\" \/>\n<link rel=\"canonical\" href=\"https:\/\/tolkeabi.ee\/fi\/tolkimine\/\" \/>\n<meta property=\"og:locale\" content=\"fi_FI\" \/>\n<meta property=\"og:type\" content=\"article\" \/>\n<meta property=\"og:title\" content=\"K\u00e4\u00e4nn\u00f6s osoitteesta - T&otilde;lkeabi\" \/>\n<meta property=\"og:description\" content=\"T\u00f5lkeabi, soodne t\u00f5lkimine, tekstiabi, t\u00f5lketeenus, teksti toimetamine, kujundatud failide t\u00f5lkimine, inglise-eesti, eesti-inglise, vene, \u043f\u0435\u0440\u0435\u0432\u043e\u0434\" \/>\n<meta property=\"og:url\" content=\"https:\/\/tolkeabi.ee\/fi\/tolkimine\/\" \/>\n<meta property=\"og:site_name\" content=\"T&otilde;lkeabi\" \/>\n<meta property=\"article:publisher\" content=\"https:\/\/www.facebook.com\/tolkeabi\" \/>\n<meta property=\"article:modified_time\" content=\"2024-04-01T12:21:29+00:00\" \/>\n<meta property=\"og:image\" content=\"https:\/\/www.lillemaa.com\/tlk\/wp-content\/themes\/exertio\/images\/check-box.png\" \/>\n<meta name=\"twitter:card\" content=\"summary_large_image\" \/>\n<meta name=\"twitter:site\" content=\"@TolkeAbi\" \/>\n<script type=\"application\/ld+json\" class=\"yoast-schema-graph\">{\"@context\":\"https:\\\/\\\/schema.org\",\"@graph\":[{\"@type\":\"WebPage\",\"@id\":\"https:\\\/\\\/tolkeabi.ee\\\/fi\\\/tolkimine\\\/\",\"url\":\"https:\\\/\\\/tolkeabi.ee\\\/fi\\\/tolkimine\\\/\",\"name\":\"K\u00e4\u00e4nn\u00f6s osoitteesta - T&otilde;lkeabi\",\"isPartOf\":{\"@id\":\"https:\\\/\\\/tolkeabi.ee\\\/fi\\\/#website\"},\"primaryImageOfPage\":{\"@id\":\"https:\\\/\\\/tolkeabi.ee\\\/fi\\\/tolkimine\\\/#primaryimage\"},\"image\":{\"@id\":\"https:\\\/\\\/tolkeabi.ee\\\/fi\\\/tolkimine\\\/#primaryimage\"},\"thumbnailUrl\":\"https:\\\/\\\/www.lillemaa.com\\\/tlk\\\/wp-content\\\/themes\\\/exertio\\\/images\\\/check-box.png\",\"datePublished\":\"2024-01-16T19:29:55+00:00\",\"dateModified\":\"2024-04-01T12:21:29+00:00\",\"description\":\"T\u00f5lkeabi, soodne t\u00f5lkimine, tekstiabi, t\u00f5lketeenus, teksti toimetamine, kujundatud failide t\u00f5lkimine, inglise-eesti, eesti-inglise, vene, \u043f\u0435\u0440\u0435\u0432\u043e\u0434\",\"breadcrumb\":{\"@id\":\"https:\\\/\\\/tolkeabi.ee\\\/fi\\\/tolkimine\\\/#breadcrumb\"},\"inLanguage\":\"fi\",\"potentialAction\":[{\"@type\":\"ReadAction\",\"target\":[\"https:\\\/\\\/tolkeabi.ee\\\/fi\\\/tolkimine\\\/\"]}]},{\"@type\":\"ImageObject\",\"inLanguage\":\"fi\",\"@id\":\"https:\\\/\\\/tolkeabi.ee\\\/fi\\\/tolkimine\\\/#primaryimage\",\"url\":\"https:\\\/\\\/www.lillemaa.com\\\/tlk\\\/wp-content\\\/themes\\\/exertio\\\/images\\\/check-box.png\",\"contentUrl\":\"https:\\\/\\\/www.lillemaa.com\\\/tlk\\\/wp-content\\\/themes\\\/exertio\\\/images\\\/check-box.png\"},{\"@type\":\"BreadcrumbList\",\"@id\":\"https:\\\/\\\/tolkeabi.ee\\\/fi\\\/tolkimine\\\/#breadcrumb\",\"itemListElement\":[{\"@type\":\"ListItem\",\"position\":1,\"name\":\"Home\",\"item\":\"https:\\\/\\\/tolkeabi.ee\\\/fi\\\/kotisivu\\\/\"},{\"@type\":\"ListItem\",\"position\":2,\"name\":\"K\u00e4\u00e4nn\u00f6s osoitteesta\"}]},{\"@type\":\"WebSite\",\"@id\":\"https:\\\/\\\/tolkeabi.ee\\\/fi\\\/#website\",\"url\":\"https:\\\/\\\/tolkeabi.ee\\\/fi\\\/\",\"name\":\"T\u00f5lkeabi\",\"description\":\"tekstiabi\",\"publisher\":{\"@id\":\"https:\\\/\\\/tolkeabi.ee\\\/fi\\\/#organization\"},\"alternateName\":\"Tekstiabi\",\"potentialAction\":[{\"@type\":\"SearchAction\",\"target\":{\"@type\":\"EntryPoint\",\"urlTemplate\":\"https:\\\/\\\/tolkeabi.ee\\\/fi\\\/?s={search_term_string}\"},\"query-input\":{\"@type\":\"PropertyValueSpecification\",\"valueRequired\":true,\"valueName\":\"search_term_string\"}}],\"inLanguage\":\"fi\"},{\"@type\":\"Organization\",\"@id\":\"https:\\\/\\\/tolkeabi.ee\\\/fi\\\/#organization\",\"name\":\"T\u00f5lkeabi\",\"alternateName\":\"Tekstiabi\",\"url\":\"https:\\\/\\\/tolkeabi.ee\\\/fi\\\/\",\"logo\":{\"@type\":\"ImageObject\",\"inLanguage\":\"fi\",\"@id\":\"https:\\\/\\\/tolkeabi.ee\\\/fi\\\/#\\\/schema\\\/logo\\\/image\\\/\",\"url\":\"https:\\\/\\\/tolkeabi.ee\\\/wp-content\\\/uploads\\\/2024\\\/02\\\/tolkeabi_600x600.jpg\",\"contentUrl\":\"https:\\\/\\\/tolkeabi.ee\\\/wp-content\\\/uploads\\\/2024\\\/02\\\/tolkeabi_600x600.jpg\",\"width\":600,\"height\":600,\"caption\":\"T\u00f5lkeabi\"},\"image\":{\"@id\":\"https:\\\/\\\/tolkeabi.ee\\\/fi\\\/#\\\/schema\\\/logo\\\/image\\\/\"},\"sameAs\":[\"https:\\\/\\\/www.facebook.com\\\/tolkeabi\",\"https:\\\/\\\/x.com\\\/TolkeAbi\"]}]}<\/script>\n<!-- \/ Yoast SEO plugin. -->","yoast_head_json":{"title":"K\u00e4\u00e4nn\u00f6s osoitteesta - T&otilde;lkeabi","description":"T\u00f5lkeabi, soodne t\u00f5lkimine, tekstiabi, t\u00f5lketeenus, teksti toimetamine, kujundatud failide t\u00f5lkimine, inglise-eesti, eesti-inglise, vene, \u043f\u0435\u0440\u0435\u0432\u043e\u0434","robots":{"index":"index","follow":"follow","max-snippet":"max-snippet:-1","max-image-preview":"max-image-preview:large","max-video-preview":"max-video-preview:-1"},"canonical":"https:\/\/tolkeabi.ee\/fi\/tolkimine\/","og_locale":"fi_FI","og_type":"article","og_title":"K\u00e4\u00e4nn\u00f6s osoitteesta - T&otilde;lkeabi","og_description":"T\u00f5lkeabi, soodne t\u00f5lkimine, tekstiabi, t\u00f5lketeenus, teksti toimetamine, kujundatud failide t\u00f5lkimine, inglise-eesti, eesti-inglise, vene, \u043f\u0435\u0440\u0435\u0432\u043e\u0434","og_url":"https:\/\/tolkeabi.ee\/fi\/tolkimine\/","og_site_name":"T&otilde;lkeabi","article_publisher":"https:\/\/www.facebook.com\/tolkeabi","article_modified_time":"2024-04-01T12:21:29+00:00","og_image":[{"url":"https:\/\/www.lillemaa.com\/tlk\/wp-content\/themes\/exertio\/images\/check-box.png","type":"","width":"","height":""}],"twitter_card":"summary_large_image","twitter_site":"@TolkeAbi","schema":{"@context":"https:\/\/schema.org","@graph":[{"@type":"WebPage","@id":"https:\/\/tolkeabi.ee\/fi\/tolkimine\/","url":"https:\/\/tolkeabi.ee\/fi\/tolkimine\/","name":"K\u00e4\u00e4nn\u00f6s osoitteesta - T&otilde;lkeabi","isPartOf":{"@id":"https:\/\/tolkeabi.ee\/fi\/#website"},"primaryImageOfPage":{"@id":"https:\/\/tolkeabi.ee\/fi\/tolkimine\/#primaryimage"},"image":{"@id":"https:\/\/tolkeabi.ee\/fi\/tolkimine\/#primaryimage"},"thumbnailUrl":"https:\/\/www.lillemaa.com\/tlk\/wp-content\/themes\/exertio\/images\/check-box.png","datePublished":"2024-01-16T19:29:55+00:00","dateModified":"2024-04-01T12:21:29+00:00","description":"T\u00f5lkeabi, soodne t\u00f5lkimine, tekstiabi, t\u00f5lketeenus, teksti toimetamine, kujundatud failide t\u00f5lkimine, inglise-eesti, eesti-inglise, vene, \u043f\u0435\u0440\u0435\u0432\u043e\u0434","breadcrumb":{"@id":"https:\/\/tolkeabi.ee\/fi\/tolkimine\/#breadcrumb"},"inLanguage":"fi","potentialAction":[{"@type":"ReadAction","target":["https:\/\/tolkeabi.ee\/fi\/tolkimine\/"]}]},{"@type":"ImageObject","inLanguage":"fi","@id":"https:\/\/tolkeabi.ee\/fi\/tolkimine\/#primaryimage","url":"https:\/\/www.lillemaa.com\/tlk\/wp-content\/themes\/exertio\/images\/check-box.png","contentUrl":"https:\/\/www.lillemaa.com\/tlk\/wp-content\/themes\/exertio\/images\/check-box.png"},{"@type":"BreadcrumbList","@id":"https:\/\/tolkeabi.ee\/fi\/tolkimine\/#breadcrumb","itemListElement":[{"@type":"ListItem","position":1,"name":"Home","item":"https:\/\/tolkeabi.ee\/fi\/kotisivu\/"},{"@type":"ListItem","position":2,"name":"K\u00e4\u00e4nn\u00f6s osoitteesta"}]},{"@type":"WebSite","@id":"https:\/\/tolkeabi.ee\/fi\/#website","url":"https:\/\/tolkeabi.ee\/fi\/","name":"T\u00f5lkeabi","description":"tekstiabi","publisher":{"@id":"https:\/\/tolkeabi.ee\/fi\/#organization"},"alternateName":"Tekstiabi","potentialAction":[{"@type":"SearchAction","target":{"@type":"EntryPoint","urlTemplate":"https:\/\/tolkeabi.ee\/fi\/?s={search_term_string}"},"query-input":{"@type":"PropertyValueSpecification","valueRequired":true,"valueName":"search_term_string"}}],"inLanguage":"fi"},{"@type":"Organization","@id":"https:\/\/tolkeabi.ee\/fi\/#organization","name":"T\u00f5lkeabi","alternateName":"Tekstiabi","url":"https:\/\/tolkeabi.ee\/fi\/","logo":{"@type":"ImageObject","inLanguage":"fi","@id":"https:\/\/tolkeabi.ee\/fi\/#\/schema\/logo\/image\/","url":"https:\/\/tolkeabi.ee\/wp-content\/uploads\/2024\/02\/tolkeabi_600x600.jpg","contentUrl":"https:\/\/tolkeabi.ee\/wp-content\/uploads\/2024\/02\/tolkeabi_600x600.jpg","width":600,"height":600,"caption":"T\u00f5lkeabi"},"image":{"@id":"https:\/\/tolkeabi.ee\/fi\/#\/schema\/logo\/image\/"},"sameAs":["https:\/\/www.facebook.com\/tolkeabi","https:\/\/x.com\/TolkeAbi"]}]}},"_links":{"self":[{"href":"https:\/\/tolkeabi.ee\/fi\/wp-json\/wp\/v2\/pages\/4454","targetHints":{"allow":["GET"]}}],"collection":[{"href":"https:\/\/tolkeabi.ee\/fi\/wp-json\/wp\/v2\/pages"}],"about":[{"href":"https:\/\/tolkeabi.ee\/fi\/wp-json\/wp\/v2\/types\/page"}],"author":[{"embeddable":true,"href":"https:\/\/tolkeabi.ee\/fi\/wp-json\/wp\/v2\/users\/1"}],"replies":[{"embeddable":true,"href":"https:\/\/tolkeabi.ee\/fi\/wp-json\/wp\/v2\/comments?post=4454"}],"version-history":[{"count":7,"href":"https:\/\/tolkeabi.ee\/fi\/wp-json\/wp\/v2\/pages\/4454\/revisions"}],"predecessor-version":[{"id":4519,"href":"https:\/\/tolkeabi.ee\/fi\/wp-json\/wp\/v2\/pages\/4454\/revisions\/4519"}],"wp:attachment":[{"href":"https:\/\/tolkeabi.ee\/fi\/wp-json\/wp\/v2\/media?parent=4454"}],"curies":[{"name":"wp","href":"https:\/\/api.w.org\/{rel}","templated":true}]}}