{"id":4457,"date":"2013-04-05T13:33:38","date_gmt":"2013-04-05T10:33:38","guid":{"rendered":"https:\/\/tolkeabi.ee\/?page_id=4457"},"modified":"2024-04-01T13:33:30","modified_gmt":"2024-04-01T10:33:30","slug":"saada-paring","status":"publish","type":"page","link":"https:\/\/tolkeabi.ee\/fi\/saada-paring\/","title":{"rendered":"L\u00e4het\u00e4 pyynt\u00f6"},"content":{"rendered":"\n<style type=\"text\/css\" data-created_by=\"avia_inline_auto\" id=\"style-css-av-egoga7-1297dad449bb0370e98a6c7fc22a2a45\">\n#top .av-special-heading.av-egoga7-1297dad449bb0370e98a6c7fc22a2a45{\npadding-bottom:10px;\n}\nbody .av-special-heading.av-egoga7-1297dad449bb0370e98a6c7fc22a2a45 .av-special-heading-tag .heading-char{\nfont-size:25px;\n}\n.av-special-heading.av-egoga7-1297dad449bb0370e98a6c7fc22a2a45 .av-subheading{\nfont-size:15px;\n}\n<\/style>\n<div  class='av-special-heading av-egoga7-1297dad449bb0370e98a6c7fc22a2a45 av-special-heading-h2 meta-heading  avia-builder-el-0  el_before_av_two_third  avia-builder-el-first '><h2 class='av-special-heading-tag'  itemprop=\"headline\"  >Pyynn\u00f6n l\u00e4hett\u00e4minen<\/h2><div class=\"special-heading-border\"><div class=\"special-heading-inner-border\"><\/div><\/div><\/div>\n\n<style type=\"text\/css\" data-created_by=\"avia_inline_auto\" id=\"style-css-av-4un3rz-83763cfc86686e2ab5069e72678758ad\">\n.flex_column.av-4un3rz-83763cfc86686e2ab5069e72678758ad{\nwidth:66%;\npadding:3% 3% 3% 3%;\nbackground-color:#ffffff;\n}\n<\/style>\n<div  class='flex_column av-4un3rz-83763cfc86686e2ab5069e72678758ad av_two_third  avia-builder-el-1  el_after_av_heading  el_before_av_one_third  first flex_column_div  '     ><section  class='av_textblock_section av-lrnzywl6-cbbbc4269950ce7e5b08bb19482eb625 '   itemscope=\"itemscope\" itemtype=\"https:\/\/schema.org\/CreativeWork\" ><div class='avia_textblock'  itemprop=\"text\" ><p>\n<div class=\"wpcf7 no-js\" id=\"wpcf7-f4491-o1\" lang=\"en\" dir=\"ltr\" data-wpcf7-id=\"4491\">\n<div class=\"screen-reader-response\"><p role=\"status\" aria-live=\"polite\" aria-atomic=\"true\"><\/p> <ul><\/ul><\/div>\n<form action=\"\/fi\/wp-json\/wp\/v2\/pages\/4457#wpcf7-f4491-o1\" method=\"post\" class=\"wpcf7-form init\" aria-label=\"Yhteydenottolomake\" enctype=\"multipart\/form-data\" novalidate=\"novalidate\" data-status=\"init\">\n<fieldset class=\"hidden-fields-container\"><input type=\"hidden\" name=\"_wpcf7\" value=\"4491\" \/><input type=\"hidden\" name=\"_wpcf7_version\" value=\"6.1.5\" \/><input type=\"hidden\" name=\"_wpcf7_locale\" value=\"en\" \/><input type=\"hidden\" name=\"_wpcf7_unit_tag\" value=\"wpcf7-f4491-o1\" \/><input type=\"hidden\" name=\"_wpcf7_container_post\" value=\"0\" \/><input type=\"hidden\" name=\"_wpcf7_posted_data_hash\" value=\"\" \/>\n<\/fieldset>\n<p><label> Nimi<br \/>\n<span class=\"wpcf7-form-control-wrap\" data-name=\"your-name\"><input size=\"40\" maxlength=\"400\" class=\"wpcf7-form-control wpcf7-text wpcf7-validates-as-required\" autocomplete=\"name\" aria-required=\"true\" aria-invalid=\"false\" value=\"\" type=\"text\" name=\"your-name\" \/><\/span> <\/label>\n<\/p>\n<p><label> S\u00e4hk\u00f6postiosoite<br \/>\n<span class=\"wpcf7-form-control-wrap\" data-name=\"your-email\"><input size=\"40\" maxlength=\"400\" class=\"wpcf7-form-control wpcf7-email wpcf7-validates-as-required wpcf7-text wpcf7-validates-as-email\" autocomplete=\"email\" aria-required=\"true\" aria-invalid=\"false\" value=\"\" type=\"email\" name=\"your-email\" \/><\/span> <\/label>\n<\/p>\n<p><label> Valitse palvelu<br \/>\n<span class=\"wpcf7-form-control-wrap\" data-name=\"service\"><select class=\"wpcf7-form-control wpcf7-select wpcf7-validates-as-required\" aria-required=\"true\" aria-invalid=\"false\" name=\"service\"><option value=\"\">&#8212;Valitse vaihtoehto&#8212;<\/option><option value=\"K\u00e4\u00e4nn\u00f6s\">K\u00e4\u00e4nn\u00f6s<\/option><option value=\"Kielik\u00e4\u00e4nn\u00f6s\">Kielik\u00e4\u00e4nn\u00f6s<\/option><option value=\"K\u00e4\u00e4nn\u00f6s asettelulla\">K\u00e4\u00e4nn\u00f6s asettelulla<\/option><option value=\"Transkriptio\">Transkriptio<\/option><option value=\"Verkkosivuston lokalisaatio\">Verkkosivuston lokalisaatio<\/option><option value=\"Muu (ilmoita)\">Muu (ilmoita)<\/option><\/select><\/span> <\/label>\n<\/p>\n<p><label> Kielen valinta<br \/>\n<span class=\"wpcf7-form-control-wrap\" data-name=\"language\"><select class=\"wpcf7-form-control wpcf7-select wpcf7-validates-as-required\" aria-required=\"true\" aria-invalid=\"false\" name=\"language\"><option value=\"\">&#8212;Valitse vaihtoehto&#8212;<\/option><option value=\"Viro-Englanti\">Viro-Englanti<\/option><option value=\"Englanti-Viro\">Englanti-Viro<\/option><option value=\"Viro-Ven\u00e4j\u00e4\">Viro-Ven\u00e4j\u00e4<\/option><option value=\"Ven\u00e4j\u00e4-Viro\">Ven\u00e4j\u00e4-Viro<\/option><option value=\"Viro-Latvia\">Viro-Latvia<\/option><option value=\"Latvia-Viro\">Latvia-Viro<\/option><option value=\"Ven\u00e4j\u00e4-Italia\">Ven\u00e4j\u00e4-Italia<\/option><option value=\"Italia-Ven\u00e4j\u00e4\">Italia-Ven\u00e4j\u00e4<\/option><option value=\"Viro-Suomi\">Viro-Suomi<\/option><option value=\"Suomi-Suomi\">Suomi-Suomi<\/option><option value=\"Viro-Ranska\">Viro-Ranska<\/option><option value=\"Ranska-Viro\">Ranska-Viro<\/option><option value=\"Ukraina-Suomi Viro\">Ukraina-Suomi Viro<\/option><option value=\"Ukraina-Ven\u00e4j\u00e4\">Ukraina-Ven\u00e4j\u00e4<\/option><option value=\"Saksa-Viro\">Saksa-Viro<\/option><option value=\"Saksa-Ven\u00e4j\u00e4\">Saksa-Ven\u00e4j\u00e4<\/option><option value=\"Tanska-Viro\">Tanska-Viro<\/option><option value=\"Viro-Tanska\">Viro-Tanska<\/option><option value=\"Espanja-Viro\">Espanja-Viro<\/option><option value=\"Viro-Espanja\">Viro-Espanja<\/option><option value=\"Portugali-Espanja\">Portugali-Espanja<\/option><option value=\"Englanti-Espanja\">Englanti-Espanja<\/option><option value=\"Portugali-Viro\">Portugali-Viro<\/option><option value=\"Italia-Viro\">Italia-Viro<\/option><option value=\"Muu (ilmoita)\">Muu (ilmoita)<\/option><\/select><\/span> <\/label>\n<\/p>\n<p><label> M\u00e4\u00e4r\u00e4p\u00e4iv\u00e4<br \/>\n<span class=\"wpcf7-form-control-wrap\" data-name=\"date-272\"><input class=\"wpcf7-form-control wpcf7-date wpcf7-validates-as-required wpcf7-validates-as-date\" aria-required=\"true\" aria-invalid=\"false\" value=\"\" type=\"date\" name=\"date-272\" \/><\/span> <\/label>\n<\/p>\n<p><label> Kuvaus<br \/>\n<span class=\"wpcf7-form-control-wrap\" data-name=\"your-message\"><textarea cols=\"40\" rows=\"10\" maxlength=\"2000\" class=\"wpcf7-form-control wpcf7-textarea\" aria-invalid=\"false\" name=\"your-message\"><\/textarea><\/span> <\/label>\n<\/p>\n<p><label> Miten l\u00f6ysit meid\u00e4t?<br \/>\n<span class=\"wpcf7-form-control-wrap\" data-name=\"how\"><select class=\"wpcf7-form-control wpcf7-select\" aria-invalid=\"false\" name=\"how\"><option value=\"\">&#8212;Valitse vaihtoehto&#8212;<\/option><option value=\"Facebook\">Facebook<\/option><option value=\"Hakukone\">Hakukone<\/option><option value=\"Yst\u00e4v\u00e4 tai Kollega\">Yst\u00e4v\u00e4 tai Kollega<\/option><option value=\"Mainos\">Mainos<\/option><option value=\"Verkkosivusto\">Verkkosivusto<\/option><option value=\"Muut kanavat\">Muut kanavat<\/option><\/select><\/span> <\/label>\n<\/p>\n<p>Sallitut tiedostomuodot ovat doc, docx, dotx, bdoc, asice, sce, odt, ods, xls, xlsx, xlsm, csv, rtf, ppt, pptx, pdf, txt, zip, rar, 7z, gif, jpg, png, bmp, indd, indt, inx, po, pot, mp3, xml, xlf.\n<\/p>\n<p><span class=\"wpcf7-form-control-wrap\" data-name=\"file-82\"><input size=\"40\" class=\"wpcf7-form-control wpcf7-file\" accept=\"image\/*,.doc,.docx,.dotx,.bdoc,.asice,.sce,.odt,.ods,.xls,.xlsx,.xlsm,.csv,.rtf,.ppt,.ppx,.pptx,.pdf,.txt,.zip,.rar,.7z,.gif,.tif,.psd,.jpg,.png,.bmp,.indd,.indt,.inx,.po,.pot,.mp3,.xml,.eps,.svg,.xlf\" aria-invalid=\"false\" type=\"file\" name=\"file-82\" \/><\/span><br \/>\n<span class=\"wpcf7-form-control-wrap\" data-name=\"file-84\"><input size=\"40\" class=\"wpcf7-form-control wpcf7-file\" accept=\"image\/*,.doc,.docx,.dotx,.bdoc,.asice,.sce,.odt,.ods,.xls,.xlsx,.xlsm,.csv,.rtf,.ppt,.ppx,.pptx,.pdf,.txt,.zip,.rar,.7z,.gif,.tif,.psd,.jpg,.png,.bmp,.indd,.indt,.inx,.po,.pot,.mp3,.xml,.eps,.svg,.xlf\" aria-invalid=\"false\" type=\"file\" name=\"file-84\" \/><\/span><br \/>\n<span class=\"wpcf7-form-control-wrap\" data-name=\"file-216\"><input size=\"40\" class=\"wpcf7-form-control wpcf7-file\" accept=\"image\/*,.doc,.docx,.dotx,.bdoc,.asice,.sce,.odt,.ods,.xls,.xlsx,.xlsm,.csv,.rtf,.ppt,.ppx,.pptx,.pdf,.txt,.zip,.rar,.7z,.gif,.tif,.psd,.jpg,.png,.bmp,.indd,.indt,.inx,.po,.pot,.mp3,.xml,.eps,.svg,.xlf\" aria-invalid=\"false\" type=\"file\" name=\"file-216\" \/><\/span>\n<\/p>\n<p><input class=\"wpcf7-form-control wpcf7-submit has-spinner\" type=\"submit\" value=\"L\u00e4het\u00e4\" \/>\n<\/p><div class=\"wpcf7-response-output\" aria-hidden=\"true\"><\/div>\n<\/form>\n<\/div>\n&#8221;]<\/p>\n<\/div><\/section><\/div>\n\n<style type=\"text\/css\" data-created_by=\"avia_inline_auto\" id=\"style-css-av-46jwn3-3eb4da194323bf7b47403b385b5f7c0b\">\n.flex_column.av-46jwn3-3eb4da194323bf7b47403b385b5f7c0b{\nwidth:32%;\nmargin-left:2%;\npadding:3% 3% 3% 3%;\nbackground-color:#ffffff;\n}\n<\/style>\n<div  class='flex_column av-46jwn3-3eb4da194323bf7b47403b385b5f7c0b av_one_third  avia-builder-el-3  el_after_av_two_third  el_before_av_hr  flex_column_div  '     ><p><section  class='av_textblock_section av-37jejz-379f983f5fd7543c1d03fca430a4e28e '   itemscope=\"itemscope\" itemtype=\"https:\/\/schema.org\/CreativeWork\" ><div class='avia_textblock'  itemprop=\"text\" ><p>T\u00f5lkeabi tarjoaa k\u00e4\u00e4nn\u00f6s-, tekstiavustus- ja muokkauspalvelun, jossa kyselysi l\u00e4hetet\u00e4\u00e4n suoraan taustatarkastetuille k\u00e4\u00e4nt\u00e4jille. T\u00e4m\u00e4 erottaa meid\u00e4t k\u00e4\u00e4nn\u00f6stoimistoista, sill\u00e4 T\u00f5lkeabi tuo yhteen parhaat k\u00e4\u00e4nt\u00e4j\u00e4t ja heid\u00e4n palveluitaan hakevat henkil\u00f6t. N\u00e4in ollen T\u00f5lkeabi.ee-ymp\u00e4rist\u00f6\u00e4 voidaan kuvata pikemminkin k\u00e4\u00e4nn\u00f6spalvelujen markkinapaikaksi tai v\u00e4litysalustaksi. Takaamme k\u00e4\u00e4nn\u00f6sten laadun ja ajantasaisuuden.<\/p>\n<\/div><\/section><br \/>\n<section  class='av_textblock_section av-lsmygvkj-f6170aa3ab7b02f44aeda8d79c9f689e '   itemscope=\"itemscope\" itemtype=\"https:\/\/schema.org\/CreativeWork\" ><div class='avia_textblock'  itemprop=\"text\" ><p><strong><em>Sallitut tiedostomuodot ovat <\/em><\/strong><\/p>\n<p>doc, docx, dotx, rtf, txt, ods, odt, ppt, pptx<\/p>\n<hr>\n<p>pdf, po, pot, csv, xml<\/p>\n<hr>\n<p>xlf, xls, xlsm, xlsx<\/p>\n<hr>\n<p>indd, indt, inx<\/p>\n<hr>\n<p>bmp, gif, jpg, png, psd, tif, svg, eps<\/p>\n<hr>\n<p>asice, bdoc<\/p>\n<hr>\n<p>mp3<\/p>\n<hr>\n<p>rar, zip, 7z<\/p>\n<\/div><\/section><br \/>\n<section  class='av_textblock_section av-lsmz9l6h-4e593c9b5649404e2a7ec6051de9b5a1 '   itemscope=\"itemscope\" itemtype=\"https:\/\/schema.org\/CreativeWork\" ><div class='avia_textblock'  itemprop=\"text\" ><p>Hyvin suurille tiedostoille suosittelemme k\u00e4ytt\u00e4m\u00e4\u00e4n<a href=\"https:\/\/wetransfer.com\/\" target=\"_blank\" rel=\"noopener\"> wetransferi<\/a><\/p>\n<p><em>Lis\u00e4tietoja:<a href=\"mailto:info@tolkeabi.ee\"> info@tolkeabi.ee<\/a><\/em><\/p>\n<\/div><\/section><\/p><\/div>\n\n<style type=\"text\/css\" data-created_by=\"avia_inline_auto\" id=\"style-css-av-2kautb-fdf3e3eb7fd1f5bcaeec526c068dab73\">\n#top .hr.hr-invisible.av-2kautb-fdf3e3eb7fd1f5bcaeec526c068dab73{\nheight:50px;\n}\n<\/style>\n<div  class='hr av-2kautb-fdf3e3eb7fd1f5bcaeec526c068dab73 hr-invisible  avia-builder-el-7  el_after_av_one_third  el_before_av_textblock '><span class='hr-inner '><span class=\"hr-inner-style\"><\/span><\/span><\/div>\n<section  class='av_textblock_section av-ls6d05yo-4f91789725c3643ef48bbcebb3af1ce8 '   itemscope=\"itemscope\" itemtype=\"https:\/\/schema.org\/CreativeWork\" ><div class='avia_textblock'  itemprop=\"text\" ><p><strong>NB! Tilaus k\u00e4sitell\u00e4\u00e4n sen j\u00e4lkeen, kun maksu on suoritettu maksuv\u00e4yl\u00e4n kautta. Maksulinkki l\u00e4hetet\u00e4\u00e4n s\u00e4hk\u00f6postiisi. Kun maksu on suoritettu, l\u00e4het\u00e4mme laskun antamillasi tiedoilla.<\/strong><\/p>\n<p>T\u00d5LKEKESKUS O\u00dc<\/p>\n<\/div><\/section>\n","protected":false},"excerpt":{"rendered":"","protected":false},"author":1,"featured_media":0,"parent":0,"menu_order":0,"comment_status":"closed","ping_status":"open","template":"","meta":{"footnotes":""},"class_list":["post-4457","page","type-page","status-publish","hentry"],"yoast_head":"<!-- This site is optimized with the Yoast SEO plugin v27.3 - https:\/\/yoast.com\/product\/yoast-seo-wordpress\/ -->\n<title>L\u00e4het\u00e4 pyynt\u00f6 - T&otilde;lkeabi<\/title>\n<meta name=\"description\" content=\"T\u00f5lkeabi, soodne t\u00f5lkimine, tekstiabi, t\u00f5lketeenus, teksti toimetamine, kujundatud failide t\u00f5lkimine, inglise-eesti, eesti-inglise, vene, \u043f\u0435\u0440\u0435\u0432\u043e\u0434\" \/>\n<meta name=\"robots\" content=\"index, follow, max-snippet:-1, max-image-preview:large, max-video-preview:-1\" \/>\n<link rel=\"canonical\" href=\"https:\/\/tolkeabi.ee\/fi\/saada-paring\/\" \/>\n<meta property=\"og:locale\" content=\"fi_FI\" \/>\n<meta property=\"og:type\" content=\"article\" \/>\n<meta property=\"og:title\" content=\"L\u00e4het\u00e4 pyynt\u00f6 - T&otilde;lkeabi\" \/>\n<meta property=\"og:description\" content=\"T\u00f5lkeabi, soodne t\u00f5lkimine, tekstiabi, t\u00f5lketeenus, teksti toimetamine, kujundatud failide t\u00f5lkimine, inglise-eesti, eesti-inglise, vene, \u043f\u0435\u0440\u0435\u0432\u043e\u0434\" \/>\n<meta property=\"og:url\" content=\"https:\/\/tolkeabi.ee\/fi\/saada-paring\/\" \/>\n<meta property=\"og:site_name\" content=\"T&otilde;lkeabi\" \/>\n<meta property=\"article:publisher\" content=\"https:\/\/www.facebook.com\/tolkeabi\" \/>\n<meta property=\"article:modified_time\" content=\"2024-04-01T10:33:30+00:00\" \/>\n<meta name=\"twitter:card\" content=\"summary_large_image\" \/>\n<meta name=\"twitter:site\" content=\"@TolkeAbi\" \/>\n<meta name=\"twitter:label1\" content=\"Arvioitu lukuaika\" \/>\n\t<meta name=\"twitter:data1\" content=\"2 minuuttia\" \/>\n<script type=\"application\/ld+json\" class=\"yoast-schema-graph\">{\"@context\":\"https:\\\/\\\/schema.org\",\"@graph\":[{\"@type\":\"WebPage\",\"@id\":\"https:\\\/\\\/tolkeabi.ee\\\/fi\\\/saada-paring\\\/\",\"url\":\"https:\\\/\\\/tolkeabi.ee\\\/fi\\\/saada-paring\\\/\",\"name\":\"L\u00e4het\u00e4 pyynt\u00f6 - T&otilde;lkeabi\",\"isPartOf\":{\"@id\":\"https:\\\/\\\/tolkeabi.ee\\\/fi\\\/#website\"},\"datePublished\":\"2013-04-05T10:33:38+00:00\",\"dateModified\":\"2024-04-01T10:33:30+00:00\",\"description\":\"T\u00f5lkeabi, soodne t\u00f5lkimine, tekstiabi, t\u00f5lketeenus, teksti toimetamine, kujundatud failide t\u00f5lkimine, inglise-eesti, eesti-inglise, vene, \u043f\u0435\u0440\u0435\u0432\u043e\u0434\",\"breadcrumb\":{\"@id\":\"https:\\\/\\\/tolkeabi.ee\\\/fi\\\/saada-paring\\\/#breadcrumb\"},\"inLanguage\":\"fi\",\"potentialAction\":[{\"@type\":\"ReadAction\",\"target\":[\"https:\\\/\\\/tolkeabi.ee\\\/fi\\\/saada-paring\\\/\"]}]},{\"@type\":\"BreadcrumbList\",\"@id\":\"https:\\\/\\\/tolkeabi.ee\\\/fi\\\/saada-paring\\\/#breadcrumb\",\"itemListElement\":[{\"@type\":\"ListItem\",\"position\":1,\"name\":\"Home\",\"item\":\"https:\\\/\\\/tolkeabi.ee\\\/fi\\\/kotisivu\\\/\"},{\"@type\":\"ListItem\",\"position\":2,\"name\":\"L\u00e4het\u00e4 pyynt\u00f6\"}]},{\"@type\":\"WebSite\",\"@id\":\"https:\\\/\\\/tolkeabi.ee\\\/fi\\\/#website\",\"url\":\"https:\\\/\\\/tolkeabi.ee\\\/fi\\\/\",\"name\":\"T\u00f5lkeabi\",\"description\":\"tekstiabi\",\"publisher\":{\"@id\":\"https:\\\/\\\/tolkeabi.ee\\\/fi\\\/#organization\"},\"alternateName\":\"Tekstiabi\",\"potentialAction\":[{\"@type\":\"SearchAction\",\"target\":{\"@type\":\"EntryPoint\",\"urlTemplate\":\"https:\\\/\\\/tolkeabi.ee\\\/fi\\\/?s={search_term_string}\"},\"query-input\":{\"@type\":\"PropertyValueSpecification\",\"valueRequired\":true,\"valueName\":\"search_term_string\"}}],\"inLanguage\":\"fi\"},{\"@type\":\"Organization\",\"@id\":\"https:\\\/\\\/tolkeabi.ee\\\/fi\\\/#organization\",\"name\":\"T\u00f5lkeabi\",\"alternateName\":\"Tekstiabi\",\"url\":\"https:\\\/\\\/tolkeabi.ee\\\/fi\\\/\",\"logo\":{\"@type\":\"ImageObject\",\"inLanguage\":\"fi\",\"@id\":\"https:\\\/\\\/tolkeabi.ee\\\/fi\\\/#\\\/schema\\\/logo\\\/image\\\/\",\"url\":\"https:\\\/\\\/tolkeabi.ee\\\/wp-content\\\/uploads\\\/2024\\\/02\\\/tolkeabi_600x600.jpg\",\"contentUrl\":\"https:\\\/\\\/tolkeabi.ee\\\/wp-content\\\/uploads\\\/2024\\\/02\\\/tolkeabi_600x600.jpg\",\"width\":600,\"height\":600,\"caption\":\"T\u00f5lkeabi\"},\"image\":{\"@id\":\"https:\\\/\\\/tolkeabi.ee\\\/fi\\\/#\\\/schema\\\/logo\\\/image\\\/\"},\"sameAs\":[\"https:\\\/\\\/www.facebook.com\\\/tolkeabi\",\"https:\\\/\\\/x.com\\\/TolkeAbi\"]}]}<\/script>\n<!-- \/ Yoast SEO plugin. -->","yoast_head_json":{"title":"L\u00e4het\u00e4 pyynt\u00f6 - T&otilde;lkeabi","description":"T\u00f5lkeabi, soodne t\u00f5lkimine, tekstiabi, t\u00f5lketeenus, teksti toimetamine, kujundatud failide t\u00f5lkimine, inglise-eesti, eesti-inglise, vene, \u043f\u0435\u0440\u0435\u0432\u043e\u0434","robots":{"index":"index","follow":"follow","max-snippet":"max-snippet:-1","max-image-preview":"max-image-preview:large","max-video-preview":"max-video-preview:-1"},"canonical":"https:\/\/tolkeabi.ee\/fi\/saada-paring\/","og_locale":"fi_FI","og_type":"article","og_title":"L\u00e4het\u00e4 pyynt\u00f6 - T&otilde;lkeabi","og_description":"T\u00f5lkeabi, soodne t\u00f5lkimine, tekstiabi, t\u00f5lketeenus, teksti toimetamine, kujundatud failide t\u00f5lkimine, inglise-eesti, eesti-inglise, vene, \u043f\u0435\u0440\u0435\u0432\u043e\u0434","og_url":"https:\/\/tolkeabi.ee\/fi\/saada-paring\/","og_site_name":"T&otilde;lkeabi","article_publisher":"https:\/\/www.facebook.com\/tolkeabi","article_modified_time":"2024-04-01T10:33:30+00:00","twitter_card":"summary_large_image","twitter_site":"@TolkeAbi","twitter_misc":{"Arvioitu lukuaika":"2 minuuttia"},"schema":{"@context":"https:\/\/schema.org","@graph":[{"@type":"WebPage","@id":"https:\/\/tolkeabi.ee\/fi\/saada-paring\/","url":"https:\/\/tolkeabi.ee\/fi\/saada-paring\/","name":"L\u00e4het\u00e4 pyynt\u00f6 - T&otilde;lkeabi","isPartOf":{"@id":"https:\/\/tolkeabi.ee\/fi\/#website"},"datePublished":"2013-04-05T10:33:38+00:00","dateModified":"2024-04-01T10:33:30+00:00","description":"T\u00f5lkeabi, soodne t\u00f5lkimine, tekstiabi, t\u00f5lketeenus, teksti toimetamine, kujundatud failide t\u00f5lkimine, inglise-eesti, eesti-inglise, vene, \u043f\u0435\u0440\u0435\u0432\u043e\u0434","breadcrumb":{"@id":"https:\/\/tolkeabi.ee\/fi\/saada-paring\/#breadcrumb"},"inLanguage":"fi","potentialAction":[{"@type":"ReadAction","target":["https:\/\/tolkeabi.ee\/fi\/saada-paring\/"]}]},{"@type":"BreadcrumbList","@id":"https:\/\/tolkeabi.ee\/fi\/saada-paring\/#breadcrumb","itemListElement":[{"@type":"ListItem","position":1,"name":"Home","item":"https:\/\/tolkeabi.ee\/fi\/kotisivu\/"},{"@type":"ListItem","position":2,"name":"L\u00e4het\u00e4 pyynt\u00f6"}]},{"@type":"WebSite","@id":"https:\/\/tolkeabi.ee\/fi\/#website","url":"https:\/\/tolkeabi.ee\/fi\/","name":"T\u00f5lkeabi","description":"tekstiabi","publisher":{"@id":"https:\/\/tolkeabi.ee\/fi\/#organization"},"alternateName":"Tekstiabi","potentialAction":[{"@type":"SearchAction","target":{"@type":"EntryPoint","urlTemplate":"https:\/\/tolkeabi.ee\/fi\/?s={search_term_string}"},"query-input":{"@type":"PropertyValueSpecification","valueRequired":true,"valueName":"search_term_string"}}],"inLanguage":"fi"},{"@type":"Organization","@id":"https:\/\/tolkeabi.ee\/fi\/#organization","name":"T\u00f5lkeabi","alternateName":"Tekstiabi","url":"https:\/\/tolkeabi.ee\/fi\/","logo":{"@type":"ImageObject","inLanguage":"fi","@id":"https:\/\/tolkeabi.ee\/fi\/#\/schema\/logo\/image\/","url":"https:\/\/tolkeabi.ee\/wp-content\/uploads\/2024\/02\/tolkeabi_600x600.jpg","contentUrl":"https:\/\/tolkeabi.ee\/wp-content\/uploads\/2024\/02\/tolkeabi_600x600.jpg","width":600,"height":600,"caption":"T\u00f5lkeabi"},"image":{"@id":"https:\/\/tolkeabi.ee\/fi\/#\/schema\/logo\/image\/"},"sameAs":["https:\/\/www.facebook.com\/tolkeabi","https:\/\/x.com\/TolkeAbi"]}]}},"_links":{"self":[{"href":"https:\/\/tolkeabi.ee\/fi\/wp-json\/wp\/v2\/pages\/4457","targetHints":{"allow":["GET"]}}],"collection":[{"href":"https:\/\/tolkeabi.ee\/fi\/wp-json\/wp\/v2\/pages"}],"about":[{"href":"https:\/\/tolkeabi.ee\/fi\/wp-json\/wp\/v2\/types\/page"}],"author":[{"embeddable":true,"href":"https:\/\/tolkeabi.ee\/fi\/wp-json\/wp\/v2\/users\/1"}],"replies":[{"embeddable":true,"href":"https:\/\/tolkeabi.ee\/fi\/wp-json\/wp\/v2\/comments?post=4457"}],"version-history":[{"count":8,"href":"https:\/\/tolkeabi.ee\/fi\/wp-json\/wp\/v2\/pages\/4457\/revisions"}],"predecessor-version":[{"id":4494,"href":"https:\/\/tolkeabi.ee\/fi\/wp-json\/wp\/v2\/pages\/4457\/revisions\/4494"}],"wp:attachment":[{"href":"https:\/\/tolkeabi.ee\/fi\/wp-json\/wp\/v2\/media?parent=4457"}],"curies":[{"name":"wp","href":"https:\/\/api.w.org\/{rel}","templated":true}]}}